{"id":1223,"date":"2025-04-11T09:39:48","date_gmt":"2025-04-11T13:39:48","guid":{"rendered":"https:\/\/gulbrandsen.com\/?page_id=1223"},"modified":"2025-09-23T07:50:21","modified_gmt":"2025-09-23T11:50:21","slug":"gulbrandsen-chemicals-is-now-gulbrandsen-announces-official-launch-of-new-brand-tagline","status":"publish","type":"page","link":"https:\/\/gulbrandsen.com\/de\/news\/gulbrandsen-chemicals-is-now-gulbrandsen-announces-official-launch-of-new-brand-tagline\/","title":{"rendered":"Gulbrandsen Chemicals wird Gulbrandsen; Ank\u00fcndigung der offiziellen Einf\u00fchrung eines neuen Slogans"},"content":{"rendered":"<div id=\"fws_69d629257fcc9\"  data-column-margin=\"default\" data-midnight=\"dark\"  class=\"wpb_row vc_row-fluid vc_row secondary-menu-wrapper no-padding no-margins\"  style=\"padding-top: 0px; padding-bottom: 0px; \"><div class=\"row-bg-wrap\" data-bg-animation=\"none\" data-bg-animation-delay=\"\" data-bg-overlay=\"false\"><div class=\"inner-wrap row-bg-layer\" ><div class=\"row-bg viewport-desktop\"  style=\"\"><\/div><\/div><\/div><div class=\"row_col_wrap_12 col span_12 dark left\">\n\t<div  class=\"vc_col-sm-12 no-animation wpb_column column_container vc_column_container col no-extra-padding inherit_tablet inherit_phone\"  data-padding-pos=\"all\" data-has-bg-color=\"false\" data-bg-color=\"\" data-bg-opacity=\"1\" data-animation=\"\" data-delay=\"0\" >\n\t\t<div class=\"vc_column-inner\" >\n\t\t\t<div class=\"wpb_wrapper\">\n\t\t\t\t\n\t\t<div id=\"fws_69d6292580c99\"  data-column-margin=\"default\" data-midnight=\"dark\"  class=\"wpb_row vc_row-fluid vc_row secondary-menu no-padding no-margins\"  style=\"padding-top: 0px; padding-bottom: 0px; \"><div class=\"row-bg-wrap\" data-bg-animation=\"none\" data-bg-animation-delay=\"\" data-bg-overlay=\"false\"><div class=\"inner-wrap row-bg-layer\" ><div class=\"row-bg viewport-desktop\"  style=\"\"><\/div><\/div><\/div><div class=\"row_col_wrap_12 col span_12 dark left\">\n\t<div  class=\"vc_col-sm-12 no-animation wpb_column column_container vc_column_container col no-extra-padding inherit_tablet inherit_phone\"  data-padding-pos=\"all\" data-has-bg-color=\"false\" data-bg-color=\"\" data-bg-opacity=\"1\" data-animation=\"\" data-delay=\"0\" >\n\t\t<div class=\"vc_column-inner\" >\n\t\t\t<div class=\"wpb_wrapper\">\n\t\t\t\t<div class=\"page-submenu\" data-bg-color=\"#041d3e\" data-sticky=\"false\" data-alignment=\"center\"><div class=\"full-width-content\" style=\"background-color:#041d3e; color: #ffffff;\"><a href=\"#\" class=\"mobile-menu-link\"><i class=\"salient-page-submenu-icon\"><\/i>Men\u00fc<\/a><ul style=\"background-color:#041d3e; color: #ffffff;\"><li><a  href=\"\/de\/company\/about\/\">Ueber uns<\/a><\/li><li><a  href=\"\/de\/company\/credentials\/\">Bescheinigungen<\/a><\/li><li><a  href=\"\/de\/latest-news\/\">Aktuelles<\/a><\/li><li><a  href=\"\/de\/blog\/\">Blog<\/a><\/li><\/ul><\/div><\/div>\n\t\t\t<\/div> \n\t\t<\/div>\n\t<\/div> \n<\/div><\/div>\n\n\t\t\t<\/div> \n\t\t<\/div>\n\t<\/div> \n<\/div><\/div>\n\t\t<div id=\"fws_69d6292582792\"  data-column-margin=\"default\" data-midnight=\"dark\"  class=\"wpb_row vc_row-fluid vc_row full-width-section has-row-bg-color announcement-wrapper md-padding\"  style=\"padding-top: 0px; padding-bottom: 0px; --row-bg-color: #f5f7f9;\"><div class=\"row-bg-wrap\" data-bg-animation=\"none\" data-bg-animation-delay=\"\" data-bg-overlay=\"false\"><div class=\"inner-wrap row-bg-layer\" ><div class=\"row-bg viewport-desktop using-bg-color\"  style=\"background-color: #f5f7f9; \"><\/div><\/div><\/div><div class=\"row_col_wrap_12 col span_12 dark left\">\n\t<div  class=\"vc_col-sm-12 wpb_column column_container vc_column_container col no-extra-padding inherit_tablet inherit_phone\"  data-padding-pos=\"all\" data-has-bg-color=\"false\" data-bg-color=\"\" data-bg-opacity=\"1\" data-animation=\"\" data-delay=\"0\" >\n\t\t<div class=\"vc_column-inner\" >\n\t\t\t<div class=\"wpb_wrapper\">\n\t\t\t\t<div id=\"fws_69d6292582ecd\" data-midnight=\"\" data-column-margin=\"60px\" class=\"wpb_row vc_row-fluid vc_row inner_row vc_row-o-equal-height vc_row-flex vc_row-o-content-top announcement-box\"  style=\"\"><div class=\"row-bg-wrap\"> <div class=\"row-bg\" ><\/div> <\/div><div class=\"row_col_wrap_12_inner col span_12  left\">\n\t<div  class=\"vc_col-sm-7 wpb_column column_container vc_column_container col child_column no-extra-padding inherit_tablet inherit_phone\"   data-padding-pos=\"all\" data-has-bg-color=\"false\" data-bg-color=\"\" data-bg-opacity=\"1\" data-animation=\"\" data-delay=\"0\" >\n\t\t<div class=\"vc_column-inner\" >\n\t\t<div class=\"wpb_wrapper\">\n\t\t\t\n<div class=\"wpb_text_column wpb_content_element\" >\n\t<p><span style=\"font-weight: 400;\"><img loading=\"lazy\" decoding=\"async\" class=\"alignnone size-large wp-image-1185\" title=\"Gulbrandsen Werk Dahej\" src=\"https:\/\/gulbrandsen.com\/wp-content\/uploads\/2025\/06\/gulbrandsen-defaul_11zon.webp\" alt=\"Gulbrandsen Dahej Plant\" width=\"1024\" height=\"576\" \/><\/span><\/p>\n<\/div>\n\n\n\n\n<div class=\"wpb_text_column wpb_content_element  vc_custom_1746697956219 title h4-size\" >\n\t<h1><b>PRESSEMITTEILUNG<\/b><strong>: Aus Gulbrandsen Chemicals wird Gulbrandsen; Ank\u00fcndigung der offiziellen Einf\u00fchrung eines neuen Slogans<\/strong><\/h1>\n<\/div>\n\n\n\n\n<div class=\"wpb_text_column wpb_content_element  vc_custom_1758628223763 date\" >\n\t<p>ORANGEBURG, SC USA - 3. Januar 2022<\/p>\n<\/div>\n\n\n\n\n<div class=\"wpb_text_column wpb_content_element\" >\n\t<p class=\"p1\">Das ehemalige Unternehmen Gulbrandsen Chemicals hat heute offiziell seinen Firmennamen in Gulbrandsen ge\u00e4ndert. Im Zusammenhang mit der Namens\u00e4nderung gab das Unternehmen auch die Einf\u00fchrung seines neuen Slogans\u201d Elements of Excellence\" bekannt. Die Namens\u00e4nderung und der neue Slogan unterst\u00fctzen die globalen Wachstums- und Markenstrategien von Gulbrandsen und spiegeln den kontinuierlichen Fokus des Unternehmens auf Innovation, Nachhaltigkeit und die Mitwirkung in der Gesellschaft wider.<\/p>\n<p class=\"p1\">\"Seit \u00fcber 40 Jahren bietet Gulbrandsen L\u00f6sungen an, die einen postiiven Einfluss auf unsere Kunden und die Welt haben, und wir freuen uns auf dieses spannende neue Kapitel\", sagte Eric Smith, Pr\u00e4sident von Gulbrandsen. \"Gulbrandsen setzt sich weiterhin mit Leidenschaft und mit gro\u00dfem Engagement f\u00fcr das Wachstum und den Erfolg unserer Kunden, unserer Mitarbeiter und der Kommunen, in denen wir leben und arbeiten, ein, indem wir uns bem\u00fchen, jeden Tag und bei allem, was wir tun, \u201eElements of Excellence\u201c zu liefern.\"<\/p>\n<h3><strong>\u00dcber Gulbrandsen:<\/strong><\/h3>\n<p>Gulbrandsen ist ein weltweit t\u00e4tiges Chemieunternehmen, das sich auf kosteneffiziente und hochwertige chemische L\u00f6sungen f\u00fcr eine Reihe von Anwendungen spezialisiert hat. F\u00fcr weitere Informationen \u00fcber Gulbrandsen besuchen Sie bitte <a href=\"https:\/\/gulbrandsen.com\/de\/\">www.gulbrandsen.com<\/a><\/p>\n<\/div>\n\n\n\n\n\t\t<\/div> \n\t<\/div>\n\t<\/div> \n\n\t<div  class=\"vc_col-sm-5 wpb_column column_container vc_column_container col child_column no-extra-padding inherit_tablet inherit_phone\"   data-padding-pos=\"all\" data-has-bg-color=\"false\" data-bg-color=\"\" data-bg-opacity=\"1\" data-animation=\"\" data-delay=\"0\" >\n\t\t<div class=\"vc_column-inner\" >\n\t\t<div class=\"wpb_wrapper\">\n\t\t\t\n\t<div class=\"wpb_raw_code wpb_raw_html wpb_content_element\" >\n\t\t<div class=\"wpb_wrapper\">\n\t\t\t<div class=\"all-small-news\">\n    \n    <div class=\"news-item\">\n        <div class=\"news-item-pic\">\n            <a href=\"#\"><img decoding=\"async\" src=\"https:\/\/gulbrandsen.com\/wp-content\/uploads\/2024\/03\/BF3-Image.png\" alt=\"\"><\/a>\n        <\/div>\n        <div class=\"news-item-title\">\n            <a href=\"https:\/\/gulbrandsen.com\/de\/gulbrandsen-recognized-by-chevron-phillips-chemical-company-as-a-trusted-supplier-of-boron-trifluoride-bf3\/\" target=\"_blank\"><h6>Gulbrandsen wird von Chevron Phillips Chemical Company als zuverl\u00e4ssiger Lieferant von Bortrifluorid (BF3) anerkannt.<\/h6><\/a>\n            <p>LA PORTE, TX USA - 04. M\u00e4rz 2024<\/p>\n        <\/div>\n    <\/div>\n\n            <div class=\"news-item\">\n            <div class=\"news-item-pic\">\n                <a href=\"\"><img decoding=\"async\" src=\"https:\/\/gulbrandsen.com\/wp-content\/uploads\/2025\/04\/Dahej-PE-Wax-Press-Release-1536x864-1.png\" alt=\"\"><\/a>\n            <\/div>\n            <div class=\"news-item-title\">\n                <a href=\"https:\/\/gulbrandsen.com\/de\/company\/news\/gulbrandsen-to-boost-polyethylene-wax-capacity-build-new-functional-polymer-facility-at-dahej-india\/\" target=\"_blank\"><h6>Gulbrandsen baut die Polyethylen-Wachs-Kapazit\u00e4t durch eine neue Anlage f\u00fcr Funktionspolymere in Dahej, Indien, aus<\/h6><\/a>\n                <p>DAHEJ, GUJARAT INDIEN - M\u00e4rz 24, 2025<\/p>\n            <\/div>\n        <\/div>\n\n    <div class=\"news-item\">\n        <div class=\"news-item-pic\">\n            <a href=\"#\"><img decoding=\"async\" src=\"https:\/\/gulbrandsen.com\/wp-content\/uploads\/2023\/11\/Ecovadis-01.png\" alt=\"\"><\/a>\n        <\/div>\n        <div class=\"news-item-title\">\n            <a href=\"https:\/\/gulbrandsen.com\/de\/gulbrandsen-awarded-ecovadis-silver-medal-for-sustainability-performance\/\" target=\"_blank\"><h6>Gulbrandsen erh\u00e4lt Ecovadis-Silbermedaille f\u00fcr Nachhaltigkeitsleistung.<\/h6><\/a>\n            <p>ORANGEBURG, SC USA - November 28, 2023<\/p>\n        <\/div>\n    <\/div>\n\n    <div class=\"news-item\">\n        <div class=\"news-item-pic\">\n            <a href=\"#\"><img decoding=\"async\" src=\"https:\/\/gulbrandsen.com\/wp-content\/uploads\/2023\/08\/SO-SND-Announcement.png\" alt=\"\"><\/a>\n        <\/div>\n        <div class=\"news-item-title\">\n            <a href=\"https:\/\/gulbrandsen.com\/de\/gulbrandsen-commissions-its-new-tin-catalyst-production-plant-at-its-site-in-dahej-india\/\" target=\"_blank\"><h6>Gulbrandsen nimmt seine neue Produktionsanlage f\u00fcr Zinnkatalysatoren am Standort Dahej, Indien, in Betrieb.<\/h6><\/a>\n            <p>DAHEJ, GUJARAT INDIEN - 14. August 2023<\/p>\n        <\/div>\n    <\/div>\n\n    <div class=\"news-item\">\n        <div class=\"news-item-pic\">\n            <a href=\"#\"><img decoding=\"async\" src=\"https:\/\/gulbrandsen.com\/wp-content\/uploads\/2023\/03\/Press-Release-DHJ-Image-1-1536x795.jpg\" alt=\"\"><\/a>\n        <\/div>\n        <div class=\"news-item-title\">\n            <a href=\"https:\/\/gulbrandsen.com\/de\/gulbrandsen-inaugurates-a-new-aluminum-alkyls-plant-in-dahej-india\/\" target=\"_blank\"><h6>Gulbrandsen weiht ein neues Aluminium-Alkyl-Werk in Dahej, Indien, ein<\/h6><\/a>\n            <p>DAHEJ, GUJARAT INDIEN - 07. M\u00e4rz 2023<\/p>\n        <\/div>\n    <\/div>\n\n    <div class=\"news-item\">\n        <div class=\"news-item-pic\">\n            <a href=\"#\"><img decoding=\"async\" src=\"https:\/\/gulbrandsen.com\/wp-content\/uploads\/2022\/12\/GUL-DHJ-Image-3-1536x724.jpg\" alt=\"\"><\/a>\n        <\/div>\n        <div class=\"news-item-title\">\n            <a href=\"https:\/\/gulbrandsen.com\/de\/gulbrandsen-set-to-double-its-capacity-for-polyurethane-tin-catalysts\/\" target=\"_blank\"><h6>Gulbrandsen wird seine Kapazit\u00e4t f\u00fcr Polyurethan-Zinn-Katalysatoren verdoppeln<\/h6><\/a>\n            <p>DAHEJ, GUJARAT INDIEN - 07. Dezember 2022<\/p>\n        <\/div>\n    <\/div>\n<div class=\"news-item\">\n        <div class=\"news-item-pic\">\n            <a href=\"#\"><img decoding=\"async\" src=\"https:\/\/gulbrandsen.com\/wp-content\/uploads\/2025\/04\/PE-Wax-Logos-01-1.png\" alt=\"\"><\/a>\n        <\/div>\n        <div class=\"news-item-title\">\n            <a href=\"https:\/\/gulbrandsen.com\/de\/acculin-and-acculinol-are-now-an-integral-part-of-gulbrandsens-specialty-polymers-portfolio\/\" target=\"_blank\"><h6>ACCULIN\u00ae und ACCULINOL\u00ae sind jetzt ein fester Bestandteil des Portfolios an Spezialpolymeren von Gulbrandsen<\/h6><\/a>\n            <p>ORANGEBURG, SC USA - 22. April 2022<\/p>\n        <\/div>\n    <\/div>\n\n    <div class=\"news-item\">\n        <div class=\"news-item-pic\">\n            <a href=\"#\"><img decoding=\"async\" src=\"https:\/\/gulbrandsen.com\/wp-content\/uploads\/2025\/04\/gulbrandsen-default.jpg\" alt=\"\"><\/a>\n        <\/div>\n        <div class=\"news-item-title\">\n            <a href=\"https:\/\/gulbrandsen.com\/de\/gulbrandsen-launches-updated-website\/\" target=\"_blank\"><h6>Gulbrandsen pr\u00e4sentiert aktualisierte Website<\/h6><\/a>\n            <p>ORANGEBURG, SC USA - 3. Januar 2022<\/p>\n        <\/div>\n    <\/div>\n    \n<\/div>\n\t\t<\/div>\n\t<\/div>\n\n\t\t<\/div> \n\t<\/div>\n\t<\/div> \n<\/div><\/div>\n\t\t\t<\/div> \n\t\t<\/div>\n\t<\/div> \n<\/div><\/div>","protected":false},"excerpt":{"rendered":"Men\u00fc\u00dcber unsZertifikateNewsBlog PRESSEMITTEILUNG: Gulbrandsen Chemicals hei\u00dft jetzt Gulbrandsen; k\u00fcndigt die offizielle Einf\u00fchrung eines neuen Markenslogans an ORANGEBURG, SC USA - 3. Januar 2022 Das ehemalige Unternehmen Gulbrandsen Chemicals hat sich heute offiziell...","protected":false},"author":8,"featured_media":0,"parent":61,"menu_order":0,"comment_status":"closed","ping_status":"closed","template":"","meta":{"_acf_changed":false,"footnotes":""},"class_list":["post-1223","page","type-page","status-publish"],"acf":[],"yoast_head":"<!-- This site is optimized with the Yoast SEO plugin v27.0 - https:\/\/yoast.com\/product\/yoast-seo-wordpress\/ -->\n<title>Gulbrandsen Chemicals is now Gulbrandsen; Announces Official Launch of New Brand Tagline - Gulbrandsen<\/title>\n<meta name=\"robots\" content=\"index, follow, max-snippet:-1, max-image-preview:large, max-video-preview:-1\" \/>\n<link rel=\"canonical\" href=\"https:\/\/gulbrandsen.com\/de\/news\/gulbrandsen-chemicals-is-now-gulbrandsen-announces-official-launch-of-new-brand-tagline\/\" \/>\n<meta property=\"og:locale\" content=\"de_DE\" \/>\n<meta property=\"og:type\" content=\"article\" \/>\n<meta property=\"og:title\" content=\"Gulbrandsen Chemicals is now Gulbrandsen; Announces Official Launch of New Brand Tagline - Gulbrandsen\" \/>\n<meta property=\"og:url\" content=\"https:\/\/gulbrandsen.com\/de\/news\/gulbrandsen-chemicals-is-now-gulbrandsen-announces-official-launch-of-new-brand-tagline\/\" \/>\n<meta property=\"og:site_name\" content=\"Gulbrandsen\" \/>\n<meta property=\"article:publisher\" content=\"https:\/\/www.facebook.com\/Gulbrandsen.inc\" \/>\n<meta property=\"article:modified_time\" content=\"2025-09-23T11:50:21+00:00\" \/>\n<meta property=\"og:image\" content=\"https:\/\/gulbrandsen.com\/wp-content\/uploads\/2025\/03\/Dahej-PE-Wax-Press-Release-1024x576.png\" \/>\n\t<meta property=\"og:image:width\" content=\"1024\" \/>\n\t<meta property=\"og:image:height\" content=\"576\" \/>\n\t<meta property=\"og:image:type\" content=\"image\/png\" \/>\n<meta name=\"twitter:card\" content=\"summary_large_image\" \/>\n<meta name=\"twitter:site\" content=\"@gulbrandsen_inc\" \/>\n<meta name=\"twitter:label1\" content=\"Est. reading time\" \/>\n\t<meta name=\"twitter:data1\" content=\"3\u00a0Minuten\" \/>\n<script type=\"application\/ld+json\" class=\"yoast-schema-graph\">{\"@context\":\"https:\/\/schema.org\",\"@graph\":[{\"@type\":\"WebPage\",\"@id\":\"https:\/\/gulbrandsen.com\/news\/gulbrandsen-chemicals-is-now-gulbrandsen-announces-official-launch-of-new-brand-tagline\/\",\"url\":\"https:\/\/gulbrandsen.com\/news\/gulbrandsen-chemicals-is-now-gulbrandsen-announces-official-launch-of-new-brand-tagline\/\",\"name\":\"Gulbrandsen Chemicals is now Gulbrandsen; Announces Official Launch of New Brand Tagline - Gulbrandsen\",\"isPartOf\":{\"@id\":\"https:\/\/gulbrandsen.com\/#website\"},\"primaryImageOfPage\":{\"@id\":\"https:\/\/gulbrandsen.com\/news\/gulbrandsen-chemicals-is-now-gulbrandsen-announces-official-launch-of-new-brand-tagline\/#primaryimage\"},\"image\":{\"@id\":\"https:\/\/gulbrandsen.com\/news\/gulbrandsen-chemicals-is-now-gulbrandsen-announces-official-launch-of-new-brand-tagline\/#primaryimage\"},\"thumbnailUrl\":\"https:\/\/gulbrandsen.com\/wp-content\/uploads\/2025\/06\/gulbrandsen-defaul_11zon.webp\",\"datePublished\":\"2025-04-11T13:39:48+00:00\",\"dateModified\":\"2025-09-23T11:50:21+00:00\",\"breadcrumb\":{\"@id\":\"https:\/\/gulbrandsen.com\/news\/gulbrandsen-chemicals-is-now-gulbrandsen-announces-official-launch-of-new-brand-tagline\/#breadcrumb\"},\"inLanguage\":\"de\",\"potentialAction\":[{\"@type\":\"ReadAction\",\"target\":[\"https:\/\/gulbrandsen.com\/news\/gulbrandsen-chemicals-is-now-gulbrandsen-announces-official-launch-of-new-brand-tagline\/\"]}]},{\"@type\":\"ImageObject\",\"inLanguage\":\"de\",\"@id\":\"https:\/\/gulbrandsen.com\/news\/gulbrandsen-chemicals-is-now-gulbrandsen-announces-official-launch-of-new-brand-tagline\/#primaryimage\",\"url\":\"https:\/\/gulbrandsen.com\/wp-content\/uploads\/2025\/06\/gulbrandsen-defaul_11zon.webp\",\"contentUrl\":\"https:\/\/gulbrandsen.com\/wp-content\/uploads\/2025\/06\/gulbrandsen-defaul_11zon.webp\"},{\"@type\":\"BreadcrumbList\",\"@id\":\"https:\/\/gulbrandsen.com\/news\/gulbrandsen-chemicals-is-now-gulbrandsen-announces-official-launch-of-new-brand-tagline\/#breadcrumb\",\"itemListElement\":[{\"@type\":\"ListItem\",\"position\":1,\"name\":\"Home\",\"item\":\"https:\/\/gulbrandsen.com\/\"},{\"@type\":\"ListItem\",\"position\":2,\"name\":\"News\",\"item\":\"https:\/\/gulbrandsen.com\/news\/\"},{\"@type\":\"ListItem\",\"position\":3,\"name\":\"Gulbrandsen Chemicals is now Gulbrandsen; Announces Official Launch of New Brand Tagline\"}]},{\"@type\":\"WebSite\",\"@id\":\"https:\/\/gulbrandsen.com\/#website\",\"url\":\"https:\/\/gulbrandsen.com\/\",\"name\":\"Gulbrandsen\",\"description\":\"\",\"publisher\":{\"@id\":\"https:\/\/gulbrandsen.com\/#organization\"},\"potentialAction\":[{\"@type\":\"SearchAction\",\"target\":{\"@type\":\"EntryPoint\",\"urlTemplate\":\"https:\/\/gulbrandsen.com\/?s={search_term_string}\"},\"query-input\":{\"@type\":\"PropertyValueSpecification\",\"valueRequired\":true,\"valueName\":\"search_term_string\"}}],\"inLanguage\":\"de\"},{\"@type\":\"Organization\",\"@id\":\"https:\/\/gulbrandsen.com\/#organization\",\"name\":\"Gulbrandsen\",\"url\":\"https:\/\/gulbrandsen.com\/\",\"logo\":{\"@type\":\"ImageObject\",\"inLanguage\":\"de\",\"@id\":\"https:\/\/gulbrandsen.com\/#\/schema\/logo\/image\/\",\"url\":\"https:\/\/gulbrandsen.com\/wp-content\/uploads\/2025\/06\/Gulbrandsen-Logo-1.svg\",\"contentUrl\":\"https:\/\/gulbrandsen.com\/wp-content\/uploads\/2025\/06\/Gulbrandsen-Logo-1.svg\",\"width\":200,\"height\":200,\"caption\":\"Gulbrandsen\"},\"image\":{\"@id\":\"https:\/\/gulbrandsen.com\/#\/schema\/logo\/image\/\"},\"sameAs\":[\"https:\/\/www.facebook.com\/Gulbrandsen.inc\",\"https:\/\/x.com\/gulbrandsen_inc\",\"https:\/\/www.linkedin.com\/company\/gulbrandsen\/\",\"https:\/\/www.instagram.com\/gulbrandsen_inc\/\",\"https:\/\/www.youtube.com\/@gulbrandsen_inc\"]}]}<\/script>\n<!-- \/ Yoast SEO plugin. -->","yoast_head_json":{"title":"Gulbrandsen Chemicals hei\u00dft jetzt Gulbrandsen und k\u00fcndigt die offizielle Einf\u00fchrung eines neuen Markenslogans an - Gulbrandsen","robots":{"index":"index","follow":"follow","max-snippet":"max-snippet:-1","max-image-preview":"max-image-preview:large","max-video-preview":"max-video-preview:-1"},"canonical":"https:\/\/gulbrandsen.com\/de\/news\/gulbrandsen-chemicals-is-now-gulbrandsen-announces-official-launch-of-new-brand-tagline\/","og_locale":"de_DE","og_type":"article","og_title":"Gulbrandsen Chemicals is now Gulbrandsen; Announces Official Launch of New Brand Tagline - Gulbrandsen","og_url":"https:\/\/gulbrandsen.com\/de\/news\/gulbrandsen-chemicals-is-now-gulbrandsen-announces-official-launch-of-new-brand-tagline\/","og_site_name":"Gulbrandsen","article_publisher":"https:\/\/www.facebook.com\/Gulbrandsen.inc","article_modified_time":"2025-09-23T11:50:21+00:00","og_image":[{"width":1024,"height":576,"url":"https:\/\/gulbrandsen.com\/wp-content\/uploads\/2025\/03\/Dahej-PE-Wax-Press-Release-1024x576.png","type":"image\/png"}],"twitter_card":"summary_large_image","twitter_site":"@gulbrandsen_inc","twitter_misc":{"Est. reading time":"3\u00a0Minuten"},"schema":{"@context":"https:\/\/schema.org","@graph":[{"@type":"WebPage","@id":"https:\/\/gulbrandsen.com\/news\/gulbrandsen-chemicals-is-now-gulbrandsen-announces-official-launch-of-new-brand-tagline\/","url":"https:\/\/gulbrandsen.com\/news\/gulbrandsen-chemicals-is-now-gulbrandsen-announces-official-launch-of-new-brand-tagline\/","name":"Gulbrandsen Chemicals hei\u00dft jetzt Gulbrandsen und k\u00fcndigt die offizielle Einf\u00fchrung eines neuen Markenslogans an - Gulbrandsen","isPartOf":{"@id":"https:\/\/gulbrandsen.com\/#website"},"primaryImageOfPage":{"@id":"https:\/\/gulbrandsen.com\/news\/gulbrandsen-chemicals-is-now-gulbrandsen-announces-official-launch-of-new-brand-tagline\/#primaryimage"},"image":{"@id":"https:\/\/gulbrandsen.com\/news\/gulbrandsen-chemicals-is-now-gulbrandsen-announces-official-launch-of-new-brand-tagline\/#primaryimage"},"thumbnailUrl":"https:\/\/gulbrandsen.com\/wp-content\/uploads\/2025\/06\/gulbrandsen-defaul_11zon.webp","datePublished":"2025-04-11T13:39:48+00:00","dateModified":"2025-09-23T11:50:21+00:00","breadcrumb":{"@id":"https:\/\/gulbrandsen.com\/news\/gulbrandsen-chemicals-is-now-gulbrandsen-announces-official-launch-of-new-brand-tagline\/#breadcrumb"},"inLanguage":"de","potentialAction":[{"@type":"ReadAction","target":["https:\/\/gulbrandsen.com\/news\/gulbrandsen-chemicals-is-now-gulbrandsen-announces-official-launch-of-new-brand-tagline\/"]}]},{"@type":"ImageObject","inLanguage":"de","@id":"https:\/\/gulbrandsen.com\/news\/gulbrandsen-chemicals-is-now-gulbrandsen-announces-official-launch-of-new-brand-tagline\/#primaryimage","url":"https:\/\/gulbrandsen.com\/wp-content\/uploads\/2025\/06\/gulbrandsen-defaul_11zon.webp","contentUrl":"https:\/\/gulbrandsen.com\/wp-content\/uploads\/2025\/06\/gulbrandsen-defaul_11zon.webp"},{"@type":"BreadcrumbList","@id":"https:\/\/gulbrandsen.com\/news\/gulbrandsen-chemicals-is-now-gulbrandsen-announces-official-launch-of-new-brand-tagline\/#breadcrumb","itemListElement":[{"@type":"ListItem","position":1,"name":"Home","item":"https:\/\/gulbrandsen.com\/"},{"@type":"ListItem","position":2,"name":"News","item":"https:\/\/gulbrandsen.com\/news\/"},{"@type":"ListItem","position":3,"name":"Gulbrandsen Chemicals is now Gulbrandsen; Announces Official Launch of New Brand Tagline"}]},{"@type":"WebSite","@id":"https:\/\/gulbrandsen.com\/#website","url":"https:\/\/gulbrandsen.com\/","name":"Gulbrandsen,","description":"","publisher":{"@id":"https:\/\/gulbrandsen.com\/#organization"},"potentialAction":[{"@type":"SearchAction","target":{"@type":"EntryPoint","urlTemplate":"https:\/\/gulbrandsen.com\/?s={search_term_string}"},"query-input":{"@type":"PropertyValueSpecification","valueRequired":true,"valueName":"search_term_string"}}],"inLanguage":"de"},{"@type":"Organization","@id":"https:\/\/gulbrandsen.com\/#organization","name":"Gulbrandsen,","url":"https:\/\/gulbrandsen.com\/","logo":{"@type":"ImageObject","inLanguage":"de","@id":"https:\/\/gulbrandsen.com\/#\/schema\/logo\/image\/","url":"https:\/\/gulbrandsen.com\/wp-content\/uploads\/2025\/06\/Gulbrandsen-Logo-1.svg","contentUrl":"https:\/\/gulbrandsen.com\/wp-content\/uploads\/2025\/06\/Gulbrandsen-Logo-1.svg","width":200,"height":200,"caption":"Gulbrandsen"},"image":{"@id":"https:\/\/gulbrandsen.com\/#\/schema\/logo\/image\/"},"sameAs":["https:\/\/www.facebook.com\/Gulbrandsen.inc","https:\/\/x.com\/gulbrandsen_inc","https:\/\/www.linkedin.com\/company\/gulbrandsen\/","https:\/\/www.instagram.com\/gulbrandsen_inc\/","https:\/\/www.youtube.com\/@gulbrandsen_inc"]}]}},"_links":{"self":[{"href":"https:\/\/gulbrandsen.com\/de\/wp-json\/wp\/v2\/pages\/1223","targetHints":{"allow":["GET"]}}],"collection":[{"href":"https:\/\/gulbrandsen.com\/de\/wp-json\/wp\/v2\/pages"}],"about":[{"href":"https:\/\/gulbrandsen.com\/de\/wp-json\/wp\/v2\/types\/page"}],"author":[{"embeddable":true,"href":"https:\/\/gulbrandsen.com\/de\/wp-json\/wp\/v2\/users\/8"}],"replies":[{"embeddable":true,"href":"https:\/\/gulbrandsen.com\/de\/wp-json\/wp\/v2\/comments?post=1223"}],"version-history":[{"count":0,"href":"https:\/\/gulbrandsen.com\/de\/wp-json\/wp\/v2\/pages\/1223\/revisions"}],"up":[{"embeddable":true,"href":"https:\/\/gulbrandsen.com\/de\/wp-json\/wp\/v2\/pages\/61"}],"wp:attachment":[{"href":"https:\/\/gulbrandsen.com\/de\/wp-json\/wp\/v2\/media?parent=1223"}],"curies":[{"name":"wp","href":"https:\/\/api.w.org\/{rel}","templated":true}]}}