{"id":1357,"date":"2025-06-20T08:19:02","date_gmt":"2025-06-20T12:19:02","guid":{"rendered":"https:\/\/gulbrandsen.com\/?page_id=1357"},"modified":"2025-06-20T08:19:02","modified_gmt":"2025-06-20T12:19:02","slug":"spezialpolymere-2","status":"publish","type":"page","link":"https:\/\/gulbrandsen.com\/de\/polymeres-speciaux\/","title":{"rendered":"Spezielle Polymere"},"content":{"rendered":"<div id=\"fws_69f29b89945b3\"  data-column-margin=\"default\" data-midnight=\"dark\"  class=\"wpb_row vc_row-fluid vc_row secondary-menu-wrapper no-padding no-margins\"  style=\"padding-top: 0px; padding-bottom: 0px; \"><div class=\"row-bg-wrap\" data-bg-animation=\"none\" data-bg-animation-delay=\"\" data-bg-overlay=\"false\"><div class=\"inner-wrap row-bg-layer\" ><div class=\"row-bg viewport-desktop\"  style=\"\"><\/div><\/div><\/div><div class=\"row_col_wrap_12 col span_12 dark left\">\n\t<div  class=\"vc_col-sm-12 no-animation wpb_column column_container vc_column_container col no-extra-padding inherit_tablet inherit_phone\"  data-padding-pos=\"all\" data-has-bg-color=\"false\" data-bg-color=\"\" data-bg-opacity=\"1\" data-animation=\"\" data-delay=\"0\" >\n\t\t<div class=\"vc_column-inner\" >\n\t\t\t<div class=\"wpb_wrapper\">\n\t\t\t\t\n\t\t<div id=\"fws_69f29b8995458\"  data-column-margin=\"default\" data-midnight=\"dark\"  class=\"wpb_row vc_row-fluid vc_row secondary-menu no-padding no-margins\"  style=\"padding-top: 0px; padding-bottom: 0px; \"><div class=\"row-bg-wrap\" data-bg-animation=\"none\" data-bg-animation-delay=\"\" data-bg-overlay=\"false\"><div class=\"inner-wrap row-bg-layer\" ><div class=\"row-bg viewport-desktop\"  style=\"\"><\/div><\/div><\/div><div class=\"row_col_wrap_12 col span_12 dark left\">\n\t<div  class=\"vc_col-sm-12 no-animation wpb_column column_container vc_column_container col no-extra-padding inherit_tablet inherit_phone\"  data-padding-pos=\"all\" data-has-bg-color=\"false\" data-bg-color=\"\" data-bg-opacity=\"1\" data-animation=\"\" data-delay=\"0\" >\n\t\t<div class=\"vc_column-inner\" >\n\t\t\t<div class=\"wpb_wrapper\">\n\t\t\t\t<div class=\"page-submenu\" data-bg-color=\"#041d3e\" data-sticky=\"false\" data-alignment=\"center\"><div class=\"full-width-content\" style=\"background-color:#041d3e; color: #ffffff;\"><a href=\"#\" class=\"mobile-menu-link\"><i class=\"salient-page-submenu-icon\"><\/i>Men\u00fc<\/a><ul style=\"background-color:#041d3e; color: #ffffff;\"><li><a  href=\"\/de\/produkte\/spezialpolymere\/\">Spezial-Polymere<\/a><\/li><li><a  href=\"\/de\/produkte\/prozesskatalysatoren\/\">Prozess-Katalysatoren<\/a><\/li><li><a  href=\"\/de\/produkte\/organometallchemie\/\">Organometallverbindungen<\/a><\/li><li><a  href=\"\/de\/produkte\/zinnprodukte\/\">Zinn-Chemikalien<\/a><\/li><\/ul><\/div><\/div>\n\t\t\t<\/div> \n\t\t<\/div>\n\t<\/div> \n<\/div><\/div>\n\n\t\t\t<\/div> \n\t\t<\/div>\n\t<\/div> \n<\/div><\/div>\n\t\t<div id=\"interior-header\"  data-column-margin=\"default\" data-midnight=\"light\"  class=\"wpb_row vc_row-fluid vc_row full-width-section vc_row-o-equal-height vc_row-flex vc_row-o-content-middle parallax_section\"  style=\"padding-top: 0px; padding-bottom: 0px; \"><div class=\"row-bg-wrap\" data-bg-animation=\"none\" data-bg-animation-delay=\"\" data-bg-overlay=\"true\"><div class=\"inner-wrap row-bg-layer using-image\" ><div class=\"row-bg viewport-desktop using-image using-bg-color\" data-parallax-speed=\"fast\" style=\"background-image: url(https:\/\/gulbrandsen.com\/wp-content\/uploads\/2021\/11\/Specialty-Polymers-Single-Product.jpg); background-position: center center; background-repeat: no-repeat; background-color: #041d3e; \"><\/div><\/div><div class=\"row-bg-overlay row-bg-layer\" style=\"background: #041d3e; background: linear-gradient(90deg,#041d3e 0%,rgba(4,29,62,0.01) 100%);  opacity: 1; \"><\/div><\/div><div class=\"row_col_wrap_12 col span_12 light left\">\n\t<div  class=\"vc_col-sm-8 wpb_column column_container vc_column_container col no-extra-padding inherit_tablet inherit_phone\"  data-padding-pos=\"all\" data-has-bg-color=\"false\" data-bg-color=\"\" data-bg-opacity=\"1\" data-animation=\"\" data-delay=\"0\" >\n\t\t<div class=\"vc_column-inner\" >\n\t\t\t<div class=\"wpb_wrapper\">\n\t\t\t\t<h1 style=\"text-align: left\" class=\"vc_custom_heading vc_do_custom_heading h5-size\" >Produkte<\/h1><h2 style=\"text-align: left\" class=\"vc_custom_heading vc_do_custom_heading\" >Spezielle Polymere<\/h2>\n\t\t\t<\/div> \n\t\t<\/div>\n\t<\/div> \n\n\t<div  class=\"vc_col-sm-4 hex-image wpb_column column_container vc_column_container col no-extra-padding inherit_tablet inherit_phone\"  data-padding-pos=\"all\" data-has-bg-color=\"false\" data-bg-color=\"\" data-bg-opacity=\"1\" data-animation=\"\" data-delay=\"0\" >\n\t\t<div class=\"vc_column-inner\" >\n\t\t\t<div class=\"wpb_wrapper\">\n\t\t\t\t\n\t\t\t<\/div> \n\t\t<\/div>\n\t<\/div> \n<\/div><\/div>\n\t\t<div id=\"fws_69f29b8997d98\"  data-column-margin=\"default\" data-midnight=\"dark\"  class=\"wpb_row vc_row-fluid vc_row full-width-section has-row-bg-color product-info lg-padding\"  style=\"padding-top: 0px; padding-bottom: 0px; --row-bg-color: #f5f7f9;\"><div class=\"row-bg-wrap\" data-bg-animation=\"none\" data-bg-animation-delay=\"\" data-bg-overlay=\"false\"><div class=\"inner-wrap row-bg-layer\" ><div class=\"row-bg viewport-desktop using-bg-color\"  style=\"background-color: #f5f7f9; \"><\/div><\/div><\/div><div class=\"row_col_wrap_12 col span_12 dark left\">\n\t<div  class=\"vc_col-sm-12 wpb_column column_container vc_column_container col no-extra-padding inherit_tablet inherit_phone\"  data-padding-pos=\"all\" data-has-bg-color=\"false\" data-bg-color=\"\" data-bg-opacity=\"1\" data-animation=\"\" data-delay=\"0\" >\n\t\t<div class=\"vc_column-inner\" >\n\t\t\t<div class=\"wpb_wrapper\">\n\t\t\t\t<div id=\"fws_69f29b899845f\" data-midnight=\"\" data-column-margin=\"80px\" class=\"wpb_row vc_row-fluid vc_row inner_row divider-col\"  style=\"\"><div class=\"row-bg-wrap\"> <div class=\"row-bg\" ><\/div> <\/div><div class=\"row_col_wrap_12_inner col span_12  left\">\n\t<div  class=\"vc_col-sm-6 wpb_column column_container vc_column_container col child_column no-extra-padding inherit_tablet inherit_phone\"   data-padding-pos=\"all\" data-has-bg-color=\"false\" data-bg-color=\"\" data-bg-opacity=\"1\" data-animation=\"\" data-delay=\"0\" >\n\t\t<div class=\"vc_column-inner\" >\n\t\t<div class=\"wpb_wrapper\">\n\t\t\t<h2 style=\"text-align: left\" class=\"vc_custom_heading vc_do_custom_heading h3-size\" >Gulbrandsen ist Marktf\u00fchrer bei der Herstellung von Spezialpolymeren und kundenspezifischen  WAX Produkten<\/h2>\n\t\t<\/div> \n\t<\/div>\n\t<\/div> \n\n\t<div  class=\"vc_col-sm-6 wpb_column column_container vc_column_container col child_column no-extra-padding inherit_tablet inherit_phone\"   data-padding-pos=\"all\" data-has-bg-color=\"false\" data-bg-color=\"\" data-bg-opacity=\"1\" data-animation=\"\" data-delay=\"0\" >\n\t\t<div class=\"vc_column-inner\" >\n\t\t<div class=\"wpb_wrapper\">\n\t\t\t\n<div class=\"wpb_text_column wpb_content_element\" >\n\t<p>Bei unseren Polyethylen-Wachsen, -Alkoholen und -Ethyoxylaten handelt es sich um lineare, vollst\u00e4ndig ges\u00e4ttigte<strong> Ethylenpolymere<\/strong> , die ein niedriges Molekulargewicht und eine enge Kohlenstoffverteilung aufweisen.\nSie bieten exakte\nSchmelzpunkte, schnelle Rekristallisation, niedrige Schmelzviskosit\u00e4t und ausgezeichnete W\u00e4rmebest\u00e4ndigkeit.<\/p>\n<p>Durch die besonderen Eigenschaften unserer INSPIRE\u2122 <strong>S<\/strong><strong>pezialwachse<\/strong> sind diese ideal f\u00fcr den Einsatz in der K\u00f6rperpflege.<\/p>\n<p>Gulbrandsen Specialty Waxes finden sich als Kernbestandteile in den Bereichen Digitale Bildgebung, Klebstoffe, Beschichtungen, Kunststoffe und K\u00f6rperpflege wieder.<\/p>\n<\/div>\n\n\n\n\n\t\t<\/div> \n\t<\/div>\n\t<\/div> \n<\/div><\/div>\n\t\t\t<\/div> \n\t\t<\/div>\n\t<\/div> \n<\/div><\/div>\n\t\t<div id=\"fws_69f29b8999208\"  data-column-margin=\"default\" data-midnight=\"dark\"  class=\"wpb_row vc_row-fluid vc_row product-row-wrapper md-padding\"  style=\"padding-top: 0px; padding-bottom: 0px; \"><div class=\"row-bg-wrap\" data-bg-animation=\"none\" data-bg-animation-delay=\"\" data-bg-overlay=\"false\"><div class=\"inner-wrap row-bg-layer\" ><div class=\"row-bg viewport-desktop\"  style=\"\"><\/div><\/div><\/div><div class=\"row_col_wrap_12 col span_12 dark left\">\n\t<div  class=\"vc_col-sm-12 wpb_column column_container vc_column_container col no-extra-padding inherit_tablet inherit_phone\"  data-padding-pos=\"all\" data-has-bg-color=\"false\" data-bg-color=\"\" data-bg-opacity=\"1\" data-animation=\"\" data-delay=\"0\" >\n\t\t<div class=\"vc_column-inner\" >\n\t\t\t<div class=\"wpb_wrapper\">\n\t\t\t\t<h2 style=\"text-align: center\" class=\"vc_custom_heading vc_do_custom_heading\" >Unsere Produkte<\/h2><div class=\"divider-wrap\" data-alignment=\"default\"><div style=\"height: 40px;\" class=\"divider\"><\/div><\/div><div id=\"fws_69f29b8999922\" data-midnight=\"\" data-column-margin=\"20px\" class=\"wpb_row vc_row-fluid vc_row inner_row products-row\"  style=\"\"><div class=\"row-bg-wrap\"> <div class=\"row-bg\" ><\/div> <\/div><div class=\"row_col_wrap_12_inner col span_12  left\">\n\t<div  class=\"vc_col-sm-4 wpb_column column_container vc_column_container col child_column no-extra-padding inherit_tablet inherit_phone\"   data-padding-pos=\"all\" data-has-bg-color=\"false\" data-bg-color=\"\" data-bg-opacity=\"1\" data-animation=\"\" data-delay=\"0\" >\n\t\t<div class=\"vc_column-inner\" >\n\t\t<div class=\"wpb_wrapper\">\n\t\t\t\n<div class=\"wpb_text_column wpb_content_element  product-logo specialty-polymers\" >\n\t<p style=\"text-align: center;\">Acculin<sup>\u00ae<\/sup><\/p>\n<\/div>\n\n\n\n\n\t\t<\/div> \n\t<\/div>\n\t<\/div> \n\n\t<div  class=\"vc_col-sm-4 wpb_column column_container vc_column_container col child_column no-extra-padding inherit_tablet inherit_phone\"   data-padding-pos=\"all\" data-has-bg-color=\"false\" data-bg-color=\"\" data-bg-opacity=\"1\" data-animation=\"\" data-delay=\"0\" >\n\t\t<div class=\"vc_column-inner\" >\n\t\t<div class=\"wpb_wrapper\">\n\t\t\t\n<div class=\"wpb_text_column wpb_content_element  product-logo specialty-polymers\" >\n\t<p style=\"text-align: center;\">Xactowax<sup>\u2122<\/sup><\/p>\n<\/div>\n\n\n\n\n\t\t<\/div> \n\t<\/div>\n\t<\/div> \n\n\t<div  class=\"vc_col-sm-4 wpb_column column_container vc_column_container col child_column no-extra-padding inherit_tablet inherit_phone\"   data-padding-pos=\"all\" data-has-bg-color=\"false\" data-bg-color=\"\" data-bg-opacity=\"1\" data-animation=\"\" data-delay=\"0\" >\n\t\t<div class=\"vc_column-inner\" >\n\t\t<div class=\"wpb_wrapper\">\n\t\t\t\n<div class=\"wpb_text_column wpb_content_element  product-logo specialty-polymers\" >\n\t<p style=\"text-align: center;\">Inspire<sup>\u2122<\/sup><\/p>\n<\/div>\n\n\n\n\n\t\t<\/div> \n\t<\/div>\n\t<\/div> \n<\/div><\/div><div id=\"fws_69f29b899a543\" data-midnight=\"\" data-column-margin=\"20px\" class=\"wpb_row vc_row-fluid vc_row inner_row products-row\"  style=\"\"><div class=\"row-bg-wrap\"> <div class=\"row-bg\" ><\/div> <\/div><div class=\"row_col_wrap_12_inner col span_12  left\">\n\t<div  class=\"vc_col-sm-4 wpb_column column_container vc_column_container col child_column no-extra-padding inherit_tablet inherit_phone\"   data-padding-pos=\"all\" data-has-bg-color=\"false\" data-bg-color=\"\" data-bg-opacity=\"1\" data-animation=\"\" data-delay=\"0\" >\n\t\t<div class=\"vc_column-inner\" >\n\t\t<div class=\"wpb_wrapper\">\n\t\t\t\n<div class=\"wpb_text_column wpb_content_element  product-logo specialty-polymers\" >\n\t<p style=\"text-align: center;\">Acculinol<sup>\u00ae<\/sup><\/p>\n<\/div>\n\n\n\n\n\t\t<\/div> \n\t<\/div>\n\t<\/div> \n\n\t<div  class=\"vc_col-sm-4 wpb_column column_container vc_column_container col child_column no-extra-padding inherit_tablet inherit_phone\"   data-padding-pos=\"all\" data-has-bg-color=\"false\" data-bg-color=\"\" data-bg-opacity=\"1\" data-animation=\"\" data-delay=\"0\" >\n\t\t<div class=\"vc_column-inner\" >\n\t\t<div class=\"wpb_wrapper\">\n\t\t\t\n<div class=\"wpb_text_column wpb_content_element  product-logo specialty-polymers\" >\n\t<p style=\"text-align: center;\">Accuthox<sup>\u2122<\/sup><\/p>\n<\/div>\n\n\n\n\n\t\t<\/div> \n\t<\/div>\n\t<\/div> \n\n\t<div  class=\"vc_col-sm-4 wpb_column column_container vc_column_container col child_column no-extra-padding inherit_tablet inherit_phone\"   data-padding-pos=\"all\" data-has-bg-color=\"false\" data-bg-color=\"\" data-bg-opacity=\"1\" data-animation=\"\" data-delay=\"0\" >\n\t\t<div class=\"vc_column-inner\" >\n\t\t<div class=\"wpb_wrapper\">\n\t\t\t\n<div class=\"wpb_text_column wpb_content_element  product-logo specialty-polymers\" >\n\t<p style=\"text-align: center;\">Oxylin<sup>\u2122<\/sup><\/p>\n<\/div>\n\n\n\n\n\t\t<\/div> \n\t<\/div>\n\t<\/div> \n<\/div><\/div>\n\t\t\t<\/div> \n\t\t<\/div>\n\t<\/div> \n<\/div><\/div>\n\t\t<div id=\"fws_69f29b899b1a2\"  data-column-margin=\"default\" data-midnight=\"dark\"  class=\"wpb_row vc_row-fluid vc_row cta-wrapper unset-padding\"  style=\"padding-top: 0px; padding-bottom: 0px; \"><div class=\"row-bg-wrap\" data-bg-animation=\"none\" data-bg-animation-delay=\"\" data-bg-overlay=\"false\"><div class=\"inner-wrap row-bg-layer\" ><div class=\"row-bg viewport-desktop\"  style=\"\"><\/div><\/div><\/div><div class=\"row_col_wrap_12 col span_12 dark left\">\n\t<div  class=\"vc_col-sm-12 wpb_column column_container vc_column_container col no-extra-padding inherit_tablet inherit_phone\"  data-padding-pos=\"all\" data-has-bg-color=\"false\" data-bg-color=\"\" data-bg-opacity=\"1\" data-animation=\"\" data-delay=\"0\" >\n\t\t<div class=\"vc_column-inner\" >\n\t\t\t<div class=\"wpb_wrapper\">\n\t\t\t\t\n\t\t<div id=\"cta\"  data-column-margin=\"default\" data-midnight=\"light\"  class=\"wpb_row vc_row-fluid vc_row full-width-section main-cta lg-padding text-shadow\"  style=\"padding-top: 0px; padding-bottom: 0px; \"><div class=\"row-bg-wrap\" data-bg-animation=\"none\" data-bg-animation-delay=\"\" data-bg-overlay=\"true\"><div class=\"inner-wrap row-bg-layer\" ><div class=\"row-bg viewport-desktop\"  style=\"\"><\/div><\/div><div class=\"row-bg-overlay row-bg-layer\" style=\"background: #041d3e; background: linear-gradient(90deg,#041d3e 0%,rgba(4,29,62,0.01) 100%);  opacity: 1; \"><\/div><\/div>\n\t\t\t<div class=\"video-color-overlay row-bg-layer\" data-color=\"\"><\/div>\n\t\t\t\n\t\t\t<div class=\"nectar-video-wrap row-bg-layer\" data-bg-alignment=\"\">\n\t\t\t\t<div class=\"nectar-video-inner\">\n\t\t\t\t<video class=\"nectar-video-bg\" width=\"1800\" height=\"700\" preload=\"auto\" loop autoplay muted playsinline><source src=\"https:\/\/gulbrandsen.com\/wp-content\/uploads\/2021\/09\/Footer-CTA-1.mp4\"  type=\"video\/mp4\"><\/video>    \t\t<\/div>\n\t\t\t <\/div>\n\n\t\t\t<div class=\"row_col_wrap_12 col span_12 light left\">\n\t<div  class=\"vc_col-sm-7 wpb_column column_container vc_column_container col no-extra-padding inherit_tablet inherit_phone\"  data-padding-pos=\"all\" data-has-bg-color=\"false\" data-bg-color=\"\" data-bg-opacity=\"1\" data-animation=\"\" data-delay=\"0\" >\n\t\t<div class=\"vc_column-inner\" >\n\t\t\t<div class=\"wpb_wrapper\">\n\t\t\t\t<h2 style=\"text-align: left\" class=\"vc_custom_heading vc_do_custom_heading max-width-1\" >Erkunden Sie mit uns die M\u00f6glichkeiten<\/h2><h3 style=\"text-align: left\" class=\"vc_custom_heading vc_do_custom_heading p-med-size fw-norm\" >Apprenez-en davantage sur nos \u00e9l\u00e9ments d'excellence.<\/h3><div class=\"divider-wrap height_tablet_30px height_phone_22px\" data-alignment=\"default\"><div style=\"height: 35px;\" class=\"divider\"><\/div><\/div><a class=\"nectar-button small regular accent-color  regular-button\"  role=\"button\" style=\"\"  href=\"https:\/\/gulbrandsen.com\/de\/kontakt\/\" data-color-override=\"false\" data-hover-color-override=\"false\" data-hover-text-color-override=\"#fff\"><span>Kontaktieren Sie uns<\/span><\/a>\n\t\t\t<\/div> \n\t\t<\/div>\n\t<\/div> \n\n\t<div  class=\"vc_col-sm-5 wpb_column column_container vc_column_container col no-extra-padding inherit_tablet inherit_phone\"  data-padding-pos=\"all\" data-has-bg-color=\"false\" data-bg-color=\"\" data-bg-opacity=\"1\" data-animation=\"\" data-delay=\"0\" >\n\t\t<div class=\"vc_column-inner\" >\n\t\t\t<div class=\"wpb_wrapper\">\n\t\t\t\t\n\t\t\t<\/div> \n\t\t<\/div>\n\t<\/div> \n<\/div><\/div>\n<style type=\"text\/css\" data-type=\"vc_shortcodes-default-css\">.vc_do_custom_heading{margin-bottom:0.625rem;margin-top:0;}.vc_do_custom_heading{margin-bottom:0.625rem;margin-top:0;}<\/style>\n\t\t\t<\/div> \n\t\t<\/div>\n\t<\/div> \n<\/div><\/div>","protected":false},"excerpt":{"rendered":"MenuSpecialty PolymersProcess CatalystsOrganometallicsTin Products ProductsPolym\u00e8res sp\u00e9ciaux Gulbrandsen is a market leader in the manufacturing of specialty polymers and customized wax formulations. Our Polyethylene Waxes &amp; Alcohols, and Ethoxylates are fully...","protected":false},"author":8,"featured_media":0,"parent":0,"menu_order":0,"comment_status":"closed","ping_status":"closed","template":"","meta":{"_acf_changed":false,"footnotes":""},"class_list":["post-1357","page","type-page","status-publish"],"acf":[],"yoast_head":"<!-- This site is optimized with the Yoast SEO plugin v27.0 - https:\/\/yoast.com\/product\/yoast-seo-wordpress\/ -->\n<title>Gulbrandsen Specialty Polymers-Innovative Solutions for Your Industry<\/title>\n<meta name=\"description\" content=\"Discover Gulbrandsen&#039;s specialty polymers, including polyethylene waxes, designed for personal care, adhesives &amp; coatings. Explore our INSPIRE line for tailored solutions\" \/>\n<meta name=\"robots\" content=\"index, follow, max-snippet:-1, max-image-preview:large, max-video-preview:-1\" \/>\n<link rel=\"canonical\" href=\"https:\/\/gulbrandsen.com\/de\/fr\/spezialpolymere-2\/\" \/>\n<meta property=\"og:locale\" content=\"de_DE\" \/>\n<meta property=\"og:type\" content=\"article\" \/>\n<meta property=\"og:title\" content=\"Gulbrandsen Specialty Polymers-Innovative Solutions for Your Industry\" \/>\n<meta property=\"og:description\" content=\"Discover Gulbrandsen&#039;s specialty polymers, including polyethylene waxes, designed for personal care, adhesives &amp; coatings. Explore our INSPIRE line for tailored solutions\" \/>\n<meta property=\"og:url\" content=\"https:\/\/gulbrandsen.com\/de\/fr\/spezialpolymere-2\/\" \/>\n<meta property=\"og:site_name\" content=\"Gulbrandsen\" \/>\n<meta property=\"article:publisher\" content=\"https:\/\/www.facebook.com\/Gulbrandsen.inc\" \/>\n<meta name=\"twitter:card\" content=\"summary_large_image\" \/>\n<meta name=\"twitter:site\" content=\"@gulbrandsen_inc\" \/>\n<script type=\"application\/ld+json\" class=\"yoast-schema-graph\">{\"@context\":\"https:\/\/schema.org\",\"@graph\":[{\"@type\":\"WebPage\",\"@id\":\"https:\/\/gulbrandsen.com\/fr\/polymeres-speciaux\/\",\"url\":\"https:\/\/gulbrandsen.com\/fr\/polymeres-speciaux\/\",\"name\":\"Gulbrandsen Specialty Polymers-Innovative Solutions for Your Industry\",\"isPartOf\":{\"@id\":\"https:\/\/gulbrandsen.com\/#website\"},\"datePublished\":\"2025-06-20T12:19:02+00:00\",\"description\":\"Discover Gulbrandsen's specialty polymers, including polyethylene waxes, designed for personal care, adhesives & coatings. Explore our INSPIRE line for tailored solutions\",\"breadcrumb\":{\"@id\":\"https:\/\/gulbrandsen.com\/fr\/polymeres-speciaux\/#breadcrumb\"},\"inLanguage\":\"de\",\"potentialAction\":[{\"@type\":\"ReadAction\",\"target\":[\"https:\/\/gulbrandsen.com\/fr\/polymeres-speciaux\/\"]}]},{\"@type\":\"BreadcrumbList\",\"@id\":\"https:\/\/gulbrandsen.com\/fr\/polymeres-speciaux\/#breadcrumb\",\"itemListElement\":[{\"@type\":\"ListItem\",\"position\":1,\"name\":\"Home\",\"item\":\"https:\/\/gulbrandsen.com\/\"},{\"@type\":\"ListItem\",\"position\":2,\"name\":\"Polym\u00e8res sp\u00e9ciaux\"}]},{\"@type\":\"WebSite\",\"@id\":\"https:\/\/gulbrandsen.com\/#website\",\"url\":\"https:\/\/gulbrandsen.com\/\",\"name\":\"Gulbrandsen\",\"description\":\"\",\"publisher\":{\"@id\":\"https:\/\/gulbrandsen.com\/#organization\"},\"potentialAction\":[{\"@type\":\"SearchAction\",\"target\":{\"@type\":\"EntryPoint\",\"urlTemplate\":\"https:\/\/gulbrandsen.com\/?s={search_term_string}\"},\"query-input\":{\"@type\":\"PropertyValueSpecification\",\"valueRequired\":true,\"valueName\":\"search_term_string\"}}],\"inLanguage\":\"de\"},{\"@type\":\"Organization\",\"@id\":\"https:\/\/gulbrandsen.com\/#organization\",\"name\":\"Gulbrandsen\",\"url\":\"https:\/\/gulbrandsen.com\/\",\"logo\":{\"@type\":\"ImageObject\",\"inLanguage\":\"de\",\"@id\":\"https:\/\/gulbrandsen.com\/#\/schema\/logo\/image\/\",\"url\":\"https:\/\/gulbrandsen.com\/wp-content\/uploads\/2025\/06\/Gulbrandsen-Logo-1.svg\",\"contentUrl\":\"https:\/\/gulbrandsen.com\/wp-content\/uploads\/2025\/06\/Gulbrandsen-Logo-1.svg\",\"width\":200,\"height\":200,\"caption\":\"Gulbrandsen\"},\"image\":{\"@id\":\"https:\/\/gulbrandsen.com\/#\/schema\/logo\/image\/\"},\"sameAs\":[\"https:\/\/www.facebook.com\/Gulbrandsen.inc\",\"https:\/\/x.com\/gulbrandsen_inc\",\"https:\/\/www.linkedin.com\/company\/gulbrandsen\/\",\"https:\/\/www.instagram.com\/gulbrandsen_inc\/\",\"https:\/\/www.youtube.com\/@gulbrandsen_inc\"]}]}<\/script>\n<!-- \/ Yoast SEO plugin. -->","yoast_head_json":{"title":"Gulbrandsen Specialty Polymers - Innovative L\u00f6sungen f\u00fcr Ihre Industrie","description":"Entdecken Sie die Spezialpolymere von Gulbrandsen, darunter Polyethylenwachse, die f\u00fcr die Bereiche K\u00f6rperpflege, Klebstoffe und Beschichtungen entwickelt wurden. Entdecken Sie unsere INSPIRE-Linie f\u00fcr ma\u00dfgeschneiderte L\u00f6sungen","robots":{"index":"index","follow":"follow","max-snippet":"max-snippet:-1","max-image-preview":"max-image-preview:large","max-video-preview":"max-video-preview:-1"},"canonical":"https:\/\/gulbrandsen.com\/de\/fr\/spezialpolymere-2\/","og_locale":"de_DE","og_type":"article","og_title":"Gulbrandsen Specialty Polymers-Innovative Solutions for Your Industry","og_description":"Discover Gulbrandsen's specialty polymers, including polyethylene waxes, designed for personal care, adhesives & coatings. Explore our INSPIRE line for tailored solutions","og_url":"https:\/\/gulbrandsen.com\/de\/fr\/spezialpolymere-2\/","og_site_name":"Gulbrandsen","article_publisher":"https:\/\/www.facebook.com\/Gulbrandsen.inc","twitter_card":"summary_large_image","twitter_site":"@gulbrandsen_inc","schema":{"@context":"https:\/\/schema.org","@graph":[{"@type":"WebPage","@id":"https:\/\/gulbrandsen.com\/fr\/polymeres-speciaux\/","url":"https:\/\/gulbrandsen.com\/fr\/polymeres-speciaux\/","name":"Gulbrandsen Specialty Polymers - Innovative L\u00f6sungen f\u00fcr Ihre Industrie","isPartOf":{"@id":"https:\/\/gulbrandsen.com\/#website"},"datePublished":"2025-06-20T12:19:02+00:00","description":"Entdecken Sie die Spezialpolymere von Gulbrandsen, darunter Polyethylenwachse, die f\u00fcr die Bereiche K\u00f6rperpflege, Klebstoffe und Beschichtungen entwickelt wurden. Entdecken Sie unsere INSPIRE-Linie f\u00fcr ma\u00dfgeschneiderte L\u00f6sungen","breadcrumb":{"@id":"https:\/\/gulbrandsen.com\/fr\/polymeres-speciaux\/#breadcrumb"},"inLanguage":"de","potentialAction":[{"@type":"ReadAction","target":["https:\/\/gulbrandsen.com\/fr\/polymeres-speciaux\/"]}]},{"@type":"BreadcrumbList","@id":"https:\/\/gulbrandsen.com\/fr\/polymeres-speciaux\/#breadcrumb","itemListElement":[{"@type":"ListItem","position":1,"name":"Home","item":"https:\/\/gulbrandsen.com\/"},{"@type":"ListItem","position":2,"name":"Polym\u00e8res sp\u00e9ciaux"}]},{"@type":"WebSite","@id":"https:\/\/gulbrandsen.com\/#website","url":"https:\/\/gulbrandsen.com\/","name":"Gulbrandsen,","description":"","publisher":{"@id":"https:\/\/gulbrandsen.com\/#organization"},"potentialAction":[{"@type":"SearchAction","target":{"@type":"EntryPoint","urlTemplate":"https:\/\/gulbrandsen.com\/?s={search_term_string}"},"query-input":{"@type":"PropertyValueSpecification","valueRequired":true,"valueName":"search_term_string"}}],"inLanguage":"de"},{"@type":"Organization","@id":"https:\/\/gulbrandsen.com\/#organization","name":"Gulbrandsen,","url":"https:\/\/gulbrandsen.com\/","logo":{"@type":"ImageObject","inLanguage":"de","@id":"https:\/\/gulbrandsen.com\/#\/schema\/logo\/image\/","url":"https:\/\/gulbrandsen.com\/wp-content\/uploads\/2025\/06\/Gulbrandsen-Logo-1.svg","contentUrl":"https:\/\/gulbrandsen.com\/wp-content\/uploads\/2025\/06\/Gulbrandsen-Logo-1.svg","width":200,"height":200,"caption":"Gulbrandsen"},"image":{"@id":"https:\/\/gulbrandsen.com\/#\/schema\/logo\/image\/"},"sameAs":["https:\/\/www.facebook.com\/Gulbrandsen.inc","https:\/\/x.com\/gulbrandsen_inc","https:\/\/www.linkedin.com\/company\/gulbrandsen\/","https:\/\/www.instagram.com\/gulbrandsen_inc\/","https:\/\/www.youtube.com\/@gulbrandsen_inc"]}]}},"_links":{"self":[{"href":"https:\/\/gulbrandsen.com\/de\/wp-json\/wp\/v2\/pages\/1357","targetHints":{"allow":["GET"]}}],"collection":[{"href":"https:\/\/gulbrandsen.com\/de\/wp-json\/wp\/v2\/pages"}],"about":[{"href":"https:\/\/gulbrandsen.com\/de\/wp-json\/wp\/v2\/types\/page"}],"author":[{"embeddable":true,"href":"https:\/\/gulbrandsen.com\/de\/wp-json\/wp\/v2\/users\/8"}],"replies":[{"embeddable":true,"href":"https:\/\/gulbrandsen.com\/de\/wp-json\/wp\/v2\/comments?post=1357"}],"version-history":[{"count":0,"href":"https:\/\/gulbrandsen.com\/de\/wp-json\/wp\/v2\/pages\/1357\/revisions"}],"wp:attachment":[{"href":"https:\/\/gulbrandsen.com\/de\/wp-json\/wp\/v2\/media?parent=1357"}],"curies":[{"name":"wp","href":"https:\/\/api.w.org\/{rel}","templated":true}]}}