{"id":1429,"date":"2025-08-19T07:53:16","date_gmt":"2025-08-19T11:53:16","guid":{"rendered":"https:\/\/gulbrandsen.com\/?page_id=1429"},"modified":"2026-03-06T00:42:39","modified_gmt":"2026-03-06T05:42:39","slug":"g-coat-h110-premium-tin-based-hot-end-coating-for-durable-glass","status":"publish","type":"page","link":"https:\/\/gulbrandsen.com\/de\/blog\/g-coat-h110-premium-tin-based-hot-end-coating-for-durable-glass\/","title":{"rendered":"G-COAT H110: Hochwertige Hei\u00dfendbeschichtung auf Zinnbasis f\u00fcr langlebiges Glas"},"content":{"rendered":"<div id=\"fws_69d76d718a51b\"  data-column-margin=\"default\" data-midnight=\"dark\"  class=\"wpb_row vc_row-fluid vc_row secondary-menu-wrapper no-padding no-margins\"  style=\"padding-top: 0px; padding-bottom: 0px; \"><div class=\"row-bg-wrap\" data-bg-animation=\"none\" data-bg-animation-delay=\"\" data-bg-overlay=\"false\"><div class=\"inner-wrap row-bg-layer\" ><div class=\"row-bg viewport-desktop\"  style=\"\"><\/div><\/div><\/div><div class=\"row_col_wrap_12 col span_12 dark left\">\n\t<div  class=\"vc_col-sm-12 no-animation wpb_column column_container vc_column_container col no-extra-padding inherit_tablet inherit_phone flex_gap_desktop_10px\"  data-padding-pos=\"all\" data-has-bg-color=\"false\" data-bg-color=\"\" data-bg-opacity=\"1\" data-animation=\"\" data-delay=\"0\" >\n\t\t<div class=\"vc_column-inner\" >\n\t\t\t<div class=\"wpb_wrapper\">\n\t\t\t\t\n\t\t<div id=\"fws_69d76d718b3ea\"  data-column-margin=\"default\" data-midnight=\"dark\"  class=\"wpb_row vc_row-fluid vc_row secondary-menu no-padding no-margins\"  style=\"padding-top: 0px; padding-bottom: 0px; \"><div class=\"row-bg-wrap\" data-bg-animation=\"none\" data-bg-animation-delay=\"\" data-bg-overlay=\"false\"><div class=\"inner-wrap row-bg-layer\" ><div class=\"row-bg viewport-desktop\"  style=\"\"><\/div><\/div><\/div><div class=\"row_col_wrap_12 col span_12 dark left\">\n\t<div  class=\"vc_col-sm-12 no-animation wpb_column column_container vc_column_container col no-extra-padding inherit_tablet inherit_phone\"  data-padding-pos=\"all\" data-has-bg-color=\"false\" data-bg-color=\"\" data-bg-opacity=\"1\" data-animation=\"\" data-delay=\"0\" >\n\t\t<div class=\"vc_column-inner\" >\n\t\t\t<div class=\"wpb_wrapper\">\n\t\t\t\t<div class=\"page-submenu\" data-bg-color=\"#041d3e\" data-sticky=\"false\" data-alignment=\"center\"><div class=\"full-width-content\" style=\"background-color:#041d3e; color: #ffffff;\"><a href=\"#\" class=\"mobile-menu-link\"><i class=\"salient-page-submenu-icon\"><\/i>Men\u00fc<\/a><ul style=\"background-color:#041d3e; color: #ffffff;\"><li><a  href=\"\/de\/company\/about\/\">Ueber uns<\/a><\/li><li><a  href=\"\/de\/company\/credentials\/\">Bescheinigungen<\/a><\/li><li><a  href=\"\/de\/latest-news\/\">Aktuelles<\/a><\/li><li><a  href=\"\/de\/blog\/\">Blog<\/a><\/li><\/ul><\/div><\/div>\n\t\t\t<\/div> \n\t\t<\/div>\n\t<\/div> \n<\/div><\/div>\n\n\t<div class=\"wpb_raw_code wpb_raw_html wpb_content_element\" >\n\t\t<div class=\"wpb_wrapper\">\n\t\t\t<meta property=\"og:title\" content=\"G-COAT H110 | Premium Tin-Based Hot End Coating for Glass\" \/>\n<meta property=\"og:description\" content=\"Discover Gulbrandsen\u2019s G-COAT H110, a high-purity MBTC hot end coating that enhances glass durability, strength, and scratch resistance for safer packaging.\" \/>\n<meta property=\"og:url\" content=\"https:\/\/gulbrandsen.com\/blog\/g-coat-h110-premium-tin-based-hot-end-coating-for-durable-glass\/\" \/>\n<meta property=\"og:type\" content=\"article\" \/>\n<meta property=\"og:image\" content=\"https:\/\/gulbrandsen.com\/wp-content\/uploads\/2025\/09\/g-coat.webp\" \/>\n<meta property=\"og:site_name\" content=\"Gulbrandsen\" \/>\n\n\t\t<\/div>\n\t<\/div>\n\n\t\t\t<\/div> \n\t\t<\/div>\n\t<\/div> \n<\/div><\/div>\n\t\t<div id=\"fws_69d76d718d1df\"  data-column-margin=\"default\" data-midnight=\"dark\"  class=\"wpb_row vc_row-fluid vc_row full-width-section has-row-bg-color announcement-wrapper md-padding\"  style=\"padding-top: 0px; padding-bottom: 0px; --row-bg-color: #f5f7f9;\"><div class=\"row-bg-wrap\" data-bg-animation=\"none\" data-bg-animation-delay=\"\" data-bg-overlay=\"false\"><div class=\"inner-wrap row-bg-layer\" ><div class=\"row-bg viewport-desktop using-bg-color\"  style=\"background-color: #f5f7f9; \"><\/div><\/div><\/div><div class=\"row_col_wrap_12 col span_12 dark left\">\n\t<div  class=\"vc_col-sm-12 wpb_column column_container vc_column_container col no-extra-padding inherit_tablet inherit_phone flex_gap_desktop_10px\"  data-padding-pos=\"all\" data-has-bg-color=\"false\" data-bg-color=\"\" data-bg-opacity=\"1\" data-animation=\"\" data-delay=\"0\" >\n\t\t<div class=\"vc_column-inner\" >\n\t\t\t<div class=\"wpb_wrapper\">\n\t\t\t\t<div class=\"img-with-aniamtion-wrap center\" data-max-width=\"100%\" data-max-width-mobile=\"default\" data-shadow=\"none\" data-animation=\"fade-in\" >\n      <div class=\"inner\">\n        <div class=\"hover-wrap\"> \n          <div class=\"hover-wrap-inner\">\n            <img loading=\"lazy\" decoding=\"async\" class=\"img-with-animation skip-lazy\" data-delay=\"0\" height=\"550\" width=\"1100\" data-animation=\"fade-in\" src=\"https:\/\/gulbrandsen.com\/wp-content\/uploads\/2026\/03\/g-coat-1-1.webp\" alt=\"g coat (1)\" srcset=\"https:\/\/gulbrandsen.com\/wp-content\/uploads\/2026\/03\/g-coat-1-1.webp 1100w, https:\/\/gulbrandsen.com\/wp-content\/uploads\/2026\/03\/g-coat-1-1-300x150.webp 300w, https:\/\/gulbrandsen.com\/wp-content\/uploads\/2026\/03\/g-coat-1-1-1024x512.webp 1024w, https:\/\/gulbrandsen.com\/wp-content\/uploads\/2026\/03\/g-coat-1-1-768x384.webp 768w, https:\/\/gulbrandsen.com\/wp-content\/uploads\/2026\/03\/g-coat-1-1-18x9.webp 18w, https:\/\/gulbrandsen.com\/wp-content\/uploads\/2026\/03\/g-coat-1-1-1000x500.webp 1000w, https:\/\/gulbrandsen.com\/wp-content\/uploads\/2026\/03\/g-coat-1-1-670x335.webp 670w\" sizes=\"auto, (max-width: 1100px) 100vw, 1100px\" \/>\n          <\/div>\n        <\/div>\n        \n      <\/div>\n    <\/div><div id=\"fws_69d76d718e275\" data-midnight=\"\" data-column-margin=\"60px\" class=\"wpb_row vc_row-fluid vc_row inner_row vc_row-o-equal-height vc_row-flex vc_row-o-content-top vc_custom_1744114857394 announcement-box\"  style=\"\"><div class=\"row-bg-wrap\"> <div class=\"row-bg\" ><\/div> <\/div><div class=\"row_col_wrap_12_inner col span_12  left\">\n\t<div  class=\"vc_col-sm-7 vc_col-lg-12 vc_col-md-12 wpb_column column_container vc_column_container col child_column no-extra-padding inherit_tablet inherit_phone flex_gap_desktop_10px\"   data-padding-pos=\"all\" data-has-bg-color=\"false\" data-bg-color=\"\" data-bg-opacity=\"1\" data-animation=\"\" data-delay=\"0\" >\n\t\t<div class=\"vc_column-inner\" >\n\t\t<div class=\"wpb_wrapper\">\n\t\t\t\n<div class=\"wpb_text_column wpb_content_element  vc_custom_1755604471933 title h4-size blog-h1\" >\n\t<h1>G-COAT H110: Hochwertige Hei\u00dfendbeschichtung auf Zinnbasis f\u00fcr langlebiges Glas<\/h1>\n<\/div>\n\n\n\n\n<div class=\"wpb_text_column wpb_content_element  blog-h2\" >\n\t<p><span style=\"font-weight: 400;\">In der anspruchsvollen Welt der Glasherstellung beginnt der Oberfl\u00e4chenschutz am hei\u00dfen Ende. Hier kommt G-COAT H110 ins Spiel - Gulbrandsens Premium-Beschichtungsl\u00f6sung auf Zinnbasis f\u00fcr das hei\u00dfe Ende, die f\u00fcr gleichbleibende Leistung, au\u00dfergew\u00f6hnliche Reinheit und langfristige Haltbarkeit entwickelt wurde.<\/span><\/p>\n<p><span style=\"font-weight: 400;\">G-COAT H110 wird von f\u00fchrenden Beh\u00e4lterglasherstellern verwendet und tr\u00e4gt eine d\u00fcnne, gleichm\u00e4\u00dfige Zinnoxidschicht auf die Oberfl\u00e4che von hei\u00dfem Glas auf, die die wesentliche Grundlage f\u00fcr Beschichtungen am kalten Ende bildet. Das Ergebnis: verbesserte Kratzfestigkeit, h\u00f6here Linieneffizienz und st\u00e4rkeres, l\u00e4nger haltbares Glas.<\/span><\/p>\n<\/div>\n\n\n\n<div class=\"img-with-aniamtion-wrap center\" data-max-width=\"50%\" data-max-width-mobile=\"default\" data-shadow=\"none\" data-animation=\"fade-in\" >\n      <div class=\"inner\">\n        <div class=\"hover-wrap\"> \n          <div class=\"hover-wrap-inner\">\n            <img loading=\"lazy\" decoding=\"async\" class=\"img-with-animation skip-lazy\" data-delay=\"0\" height=\"600\" width=\"1300\" data-animation=\"fade-in\" src=\"https:\/\/gulbrandsen.com\/wp-content\/uploads\/2026\/03\/hot-glass-2.webp\" alt=\"hot glass 2\" srcset=\"https:\/\/gulbrandsen.com\/wp-content\/uploads\/2026\/03\/hot-glass-2.webp 1300w, https:\/\/gulbrandsen.com\/wp-content\/uploads\/2026\/03\/hot-glass-2-300x138.webp 300w, https:\/\/gulbrandsen.com\/wp-content\/uploads\/2026\/03\/hot-glass-2-1024x473.webp 1024w, https:\/\/gulbrandsen.com\/wp-content\/uploads\/2026\/03\/hot-glass-2-768x354.webp 768w, https:\/\/gulbrandsen.com\/wp-content\/uploads\/2026\/03\/hot-glass-2-18x8.webp 18w\" sizes=\"auto, (max-width: 1300px) 100vw, 1300px\" \/>\n          <\/div>\n        <\/div>\n        \n      <\/div>\n    <\/div>\n<div class=\"wpb_text_column wpb_content_element  blog-h2\" >\n\t<p><span style=\"font-weight: 400;\">G-COAT H110 ist ein stabilisiertes, hochreines Monobutylzinntrichlorid (MBTC), das so entwickelt wurde, dass es die strengsten Normen f\u00fcr die Herstellung und den Kontakt mit Lebensmitteln erf\u00fcllt. Unser doppeltes Destillationsverfahren entfernt sch\u00e4dliche Nebenprodukte wie DBTC und TBT und gew\u00e4hrleistet eine der saubersten und zuverl\u00e4ssigsten Beschichtungen der Branche.<\/span><\/p>\n<\/div>\n\n\n\n\n<div class=\"wpb_text_column wpb_content_element  blog-h2\" >\n\t<p><span style=\"font-weight: 400;\">Wir unterst\u00fctzen unsere Chemie mit einem soliden Service. Von der ma\u00dfgeschneiderten Unterst\u00fctzung bei der Mitarbeiterschulung bis hin zu Sicherheits- und Effizienzpr\u00fcfungen - Gulbrandsen bringt jahrzehntelange Erfahrung in jede Partnerschaft ein. Mit globaler Lagerhaltung und einer eigenen globalen Lieferkette ist G-COAT H110 schnell verf\u00fcgbar, um Ihre Produktionsanforderungen zu erf\u00fcllen.<\/span><\/p>\n<p><span style=\"font-weight: 400;\">Ganz gleich, ob Sie die Festigkeit von Flaschen erh\u00f6hen, Ihren Beschichtungsprozess optimieren oder die Einhaltung von Vorschriften f\u00fcr den Kontakt mit Lebensmitteln sicherstellen wollen - G-COAT H110 ist Ihre L\u00f6sung.<\/span><\/p>\n<\/div>\n\n\n\n\n<div class=\"wpb_text_column wpb_content_element  blog-h2\" >\n\t<h2><b>Technische Highlights von G-COAT H110<\/b><\/h2>\n<p><span style=\"font-weight: 400;\">G-COAT H110 wurde f\u00fcr hohe Leistungen in modernen Glasproduktionslinien entwickelt. Seine Formulierung und Reinheit machen es ideal f\u00fcr den Einsatz in Hei\u00dfendbeschichtungsprozessen f\u00fcr Beh\u00e4lter- und Hohlglasanwendungen.<\/span><\/p>\n<\/div>\n\n\n\n\n<div class=\"wpb_text_column wpb_content_element  blog-h2\" >\n\t<h2><b>Wichtige technische Eigenschaften:<\/b><\/h2>\n<ul>\n<li><b>Chemische Bezeichnung<\/b><span style=\"font-weight: 400;\">: Monobutylzinntrichlorid (MBTC)<\/span><\/li>\n<li><b>Chemische Formel<\/b><span style=\"font-weight: 400;\">: C\u2084H\u2089Cl\u2083Sn<\/span><\/li>\n<li><b>Synonyme<\/b><span style=\"font-weight: 400;\"><span style=\"font-weight: 400;\">:<\/span><\/span>\n<ul>\n<li>Butylzinntrichlorid<\/li>\n<li>Butylzinntrichlorid<\/li>\n<li>Butyltrichlorostannan<\/li>\n<li>n-Butylzinntrichlorid<\/li>\n<li>Butyl(trichlor)stannan<\/li>\n<\/ul>\n<\/li>\n<li><b>CAS-Nummer<\/b><span style=\"font-weight: 400;\">: 1118-46-3<\/span><\/li>\n<li><b>EG-Nummer<\/b><span style=\"font-weight: 400;\">: 214-263-6<\/span><\/li>\n<li><b>Reinheit<\/b><span style=\"font-weight: 400;\">: Hochrein, doppelt destilliert zur Minimierung von Verunreinigungen<\/span><\/li>\n<li><b>Funktion<\/b><span style=\"font-weight: 400;\">: MBTC-Vorl\u00e4ufer f\u00fcr die In-situ-Zinnoxid (SnO\u2082)-Schichtbildung<\/span><\/li>\n<li><b>Typische Anwendungstemperatur<\/b><span style=\"font-weight: 400;\">: 450-600\u00b0C<\/span><\/li>\n<li><b>Verpackungen<\/b><span style=\"font-weight: 400;\">: 50 kg HDPE-F\u00e4sser, 1080 kg IBC oder je nach Kundenwunsch<\/span><\/li>\n<li><b>Kompatibilit\u00e4t<\/b><span style=\"font-weight: 400;\">: Hervorragende Verankerungsschicht f\u00fcr kalte Endbeschichtungen wie Polyethylenwachs<\/span><\/li>\n<\/ul>\n<\/div>\n\n\n\n\n<div class=\"wpb_text_column wpb_content_element  blog-h2\" >\n\t<p><span style=\"font-weight: 400;\">Diese Hot-End-Beschichtungsl\u00f6sung bietet eine stabile und konsistente Zinnoxidschicht, die die Haltbarkeit erh\u00f6ht und den Glasbruch reduziert - und ist damit eine bevorzugte Wahl f\u00fcr Hersteller von Lebensmitteln, Getr\u00e4nken und pharmazeutischen Beh\u00e4ltern.<\/span><\/p>\n<\/div>\n\n\n\n\n<div class=\"wpb_text_column wpb_content_element  blog-h2\" >\n\t<h2><b>Branchen und Anwendungen<\/b><\/h2>\n<p><b>G-COAT H110\u00a0<\/b>wird von Glasherstellern auf der ganzen Welt wegen seiner bew\u00e4hrten Leistung in Hei\u00dfendbeschichtungsverfahren gesch\u00e4tzt. Als hochreine Monobutylzinntrichlorid (MBTC)-L\u00f6sung eignet es sich besonders f\u00fcr kritische Glasverpackungsanwendungen, bei denen Haltbarkeit, Sicherheit und Konformit\u00e4t am wichtigsten sind. Gulbrandsen liefert auch\u00a0<b>Spezialhauben f\u00fcr MBTC.<\/b><\/p>\n<\/div>\n\n\n\n\n<div class=\"wpb_text_column wpb_content_element  blog-h2\" >\n\t<h2><b>Haupts\u00e4chlich bediente Branchen:<\/b><\/h2>\n<ul>\n<li><b>Herstellung von Beh\u00e4lterglas: <\/b><span style=\"font-weight: 400;\">F\u00fcr Lebensmittel-, Getr\u00e4nke- und Kosmetikverpackungen<\/span><\/li>\n<li><b>Pharmazeutische Verpackungen: <\/b><span style=\"font-weight: 400;\">Ideal f\u00fcr Fl\u00e4schchen und Flaschen, die eine hohe Reinheit und die Einhaltung von Vorschriften erfordern<\/span><\/li>\n<li><b>Produktion von Hohlglas: <\/b><span style=\"font-weight: 400;\">F\u00fcr Spezialbeh\u00e4lter, Parf\u00fcms und Luxusverpackungen<\/span><\/li>\n<li><b>Tafelgeschirr und dekoratives Glas: <\/b><span style=\"font-weight: 400;\">Wenn Kratzfestigkeit und Klarheit entscheidend sind.<\/span><\/li>\n<\/ul>\n<\/div>\n\n\n\n\n<div class=\"wpb_text_column wpb_content_element  blog-h2\" >\n\t<h2><b>Typische Anwendungen:<\/b><\/h2>\n<ul>\n<li><b>Hei\u00dfendbeschichtung von Glasflaschen und Gl\u00e4sern: <\/b><span style=\"font-weight: 400;\">Bildet eine gleichm\u00e4\u00dfige Schicht aus Zinnoxid (SnO\u2082) zum Schutz und zur Verst\u00e4rkung der \u00e4u\u00dferen Oberfl\u00e4che<\/span><\/li>\n<li><b>Vorprodukt f\u00fcr Cold End Coating Systeme: <\/b><span style=\"font-weight: 400;\">Verbessert die Haftung von Beschichtungen am kalten Ende wie Polyethylenwachs und erm\u00f6glicht eine bessere Kratzfestigkeit und Haltbarkeit der Etiketten<\/span><\/li>\n<li><b>Lightweighting von Glas: <\/b><span style=\"font-weight: 400;\">Unterst\u00fctzt d\u00fcnnere Beh\u00e4lterw\u00e4nde durch Erh\u00f6hung der Oberfl\u00e4chenfestigkeit und Verringerung der Bruchgefahr beim Bef\u00fcllen und Transport<\/span><\/li>\n<\/ul>\n<p>Mit seiner konsistenten Anwendung, seiner hohen thermischen Stabilit\u00e4t und seinem geringen Verunreinigungsprofil unterst\u00fctzt G-COAT H110 Glasbeschichtungsprozesse in einer Vielzahl von Produktionsumgebungen.<\/p>\n<\/div>\n\n\n\n\n<div class=\"wpb_text_column wpb_content_element  blog-h2\" >\n\t<h2><b>Sind Sie bereit, Ihre Glasproduktion zu verbessern?<\/b><\/h2>\n<p><span style=\"font-weight: 400;\">Erreichen Sie <a href=\"https:\/\/gulbrandsen.com\/de\/contact\/\" target=\"_blank\" rel=\"noopener\">Gulbrandsen,<\/a> um ein technisches Datenblatt anzufordern, einen Probetermin zu vereinbaren oder mit unseren Glasmarktspezialisten zu sprechen.<\/span><\/p>\n<\/div>\n\n\n\n\n\t\t<\/div> \n\t<\/div>\n\t<\/div> \n<\/div><\/div>\n\t\t\t<\/div> \n\t\t<\/div>\n\t<\/div> \n<\/div><\/div>","protected":false},"excerpt":{"rendered":"Men\u00fc\u00dcber unsAktuellesNewsBlog G-COAT H110: Hochwertige Hei\u00dfendbeschichtung auf Zinnbasis f\u00fcr langlebiges Glas In der anspruchsvollen Welt der Glasherstellung beginnt der Oberfl\u00e4chenschutz am hei\u00dfen Ende. Hier kommt G-COAT H110 zum Einsatz...","protected":false},"author":8,"featured_media":0,"parent":1191,"menu_order":0,"comment_status":"closed","ping_status":"closed","template":"","meta":{"_acf_changed":false,"footnotes":""},"class_list":["post-1429","page","type-page","status-publish"],"acf":[],"yoast_head":"<!-- This site is optimized with the Yoast SEO plugin v27.0 - https:\/\/yoast.com\/product\/yoast-seo-wordpress\/ -->\n<title>G-COAT H110: Premium Tin-Based Hot End Coating for Durable Glass - Gulbrandsen<\/title>\n<meta name=\"robots\" content=\"index, follow, max-snippet:-1, max-image-preview:large, max-video-preview:-1\" \/>\n<link rel=\"canonical\" href=\"https:\/\/gulbrandsen.com\/de\/blog\/g-coat-h110-premium-tin-based-hot-end-coating-for-durable-glass\/\" \/>\n<meta property=\"og:locale\" content=\"de_DE\" \/>\n<meta property=\"og:type\" content=\"article\" \/>\n<meta property=\"og:title\" content=\"G-COAT H110 | Premium Tin-Based Hot End Coating for Glass\" \/>\n<meta property=\"og:description\" content=\"Discover Gulbrandsen\u2019s G-COAT H110, a high-purity MBTC hot end coating that enhances glass durability, strength, and scratch resistance for safer packaging.\" \/>\n<meta property=\"og:url\" content=\"https:\/\/gulbrandsen.com\/de\/blog\/g-coat-h110-premium-tin-based-hot-end-coating-for-durable-glass\/\" \/>\n<meta property=\"og:site_name\" content=\"Gulbrandsen\" \/>\n<meta property=\"article:publisher\" content=\"https:\/\/www.facebook.com\/Gulbrandsen.inc\" \/>\n<meta property=\"article:modified_time\" content=\"2026-03-06T05:42:39+00:00\" \/>\n<meta property=\"og:image\" content=\"https:\/\/gulbrandsen.com\/wp-content\/uploads\/2025\/09\/g-coat.webp\" \/>\n\t<meta property=\"og:image:width\" content=\"1100\" \/>\n\t<meta property=\"og:image:height\" content=\"550\" \/>\n\t<meta property=\"og:image:type\" content=\"image\/webp\" \/>\n<meta name=\"twitter:card\" content=\"summary_large_image\" \/>\n<meta name=\"twitter:site\" content=\"@gulbrandsen_inc\" \/>\n<meta name=\"twitter:label1\" content=\"Est. reading time\" \/>\n\t<meta name=\"twitter:data1\" content=\"4\u00a0Minuten\" \/>\n<script type=\"application\/ld+json\" class=\"yoast-schema-graph\">{\"@context\":\"https:\/\/schema.org\",\"@graph\":[{\"@type\":\"WebPage\",\"@id\":\"https:\/\/gulbrandsen.com\/blog\/g-coat-h110-premium-tin-based-hot-end-coating-for-durable-glass\/\",\"url\":\"https:\/\/gulbrandsen.com\/blog\/g-coat-h110-premium-tin-based-hot-end-coating-for-durable-glass\/\",\"name\":\"G-COAT H110: Premium Tin-Based Hot End Coating for Durable Glass - Gulbrandsen\",\"isPartOf\":{\"@id\":\"https:\/\/gulbrandsen.com\/#website\"},\"datePublished\":\"2025-08-19T11:53:16+00:00\",\"dateModified\":\"2026-03-06T05:42:39+00:00\",\"breadcrumb\":{\"@id\":\"https:\/\/gulbrandsen.com\/blog\/g-coat-h110-premium-tin-based-hot-end-coating-for-durable-glass\/#breadcrumb\"},\"inLanguage\":\"de\",\"potentialAction\":[{\"@type\":\"ReadAction\",\"target\":[\"https:\/\/gulbrandsen.com\/blog\/g-coat-h110-premium-tin-based-hot-end-coating-for-durable-glass\/\"]}]},{\"@type\":\"BreadcrumbList\",\"@id\":\"https:\/\/gulbrandsen.com\/blog\/g-coat-h110-premium-tin-based-hot-end-coating-for-durable-glass\/#breadcrumb\",\"itemListElement\":[{\"@type\":\"ListItem\",\"position\":1,\"name\":\"Home\",\"item\":\"https:\/\/gulbrandsen.com\/\"},{\"@type\":\"ListItem\",\"position\":2,\"name\":\"Blog\",\"item\":\"https:\/\/gulbrandsen.com\/blog\/\"},{\"@type\":\"ListItem\",\"position\":3,\"name\":\"G-COAT H110: Premium Tin-Based Hot End Coating for Durable Glass\"}]},{\"@type\":\"WebSite\",\"@id\":\"https:\/\/gulbrandsen.com\/#website\",\"url\":\"https:\/\/gulbrandsen.com\/\",\"name\":\"Gulbrandsen\",\"description\":\"\",\"publisher\":{\"@id\":\"https:\/\/gulbrandsen.com\/#organization\"},\"potentialAction\":[{\"@type\":\"SearchAction\",\"target\":{\"@type\":\"EntryPoint\",\"urlTemplate\":\"https:\/\/gulbrandsen.com\/?s={search_term_string}\"},\"query-input\":{\"@type\":\"PropertyValueSpecification\",\"valueRequired\":true,\"valueName\":\"search_term_string\"}}],\"inLanguage\":\"de\"},{\"@type\":\"Organization\",\"@id\":\"https:\/\/gulbrandsen.com\/#organization\",\"name\":\"Gulbrandsen\",\"url\":\"https:\/\/gulbrandsen.com\/\",\"logo\":{\"@type\":\"ImageObject\",\"inLanguage\":\"de\",\"@id\":\"https:\/\/gulbrandsen.com\/#\/schema\/logo\/image\/\",\"url\":\"https:\/\/gulbrandsen.com\/wp-content\/uploads\/2025\/06\/Gulbrandsen-Logo-1.svg\",\"contentUrl\":\"https:\/\/gulbrandsen.com\/wp-content\/uploads\/2025\/06\/Gulbrandsen-Logo-1.svg\",\"width\":200,\"height\":200,\"caption\":\"Gulbrandsen\"},\"image\":{\"@id\":\"https:\/\/gulbrandsen.com\/#\/schema\/logo\/image\/\"},\"sameAs\":[\"https:\/\/www.facebook.com\/Gulbrandsen.inc\",\"https:\/\/x.com\/gulbrandsen_inc\",\"https:\/\/www.linkedin.com\/company\/gulbrandsen\/\",\"https:\/\/www.instagram.com\/gulbrandsen_inc\/\",\"https:\/\/www.youtube.com\/@gulbrandsen_inc\"]}]}<\/script>\n<!-- \/ Yoast SEO plugin. -->","yoast_head_json":{"title":"G-COAT H110: Hochwertige Hei\u00dfendbeschichtung auf Zinnbasis f\u00fcr langlebiges Glas - Gulbrandsen","robots":{"index":"index","follow":"follow","max-snippet":"max-snippet:-1","max-image-preview":"max-image-preview:large","max-video-preview":"max-video-preview:-1"},"canonical":"https:\/\/gulbrandsen.com\/de\/blog\/g-coat-h110-premium-tin-based-hot-end-coating-for-durable-glass\/","og_locale":"de_DE","og_type":"article","og_title":"G-COAT H110 | Premium Tin-Based Hot End Coating for Glass","og_description":"Discover Gulbrandsen\u2019s G-COAT H110, a high-purity MBTC hot end coating that enhances glass durability, strength, and scratch resistance for safer packaging.","og_url":"https:\/\/gulbrandsen.com\/de\/blog\/g-coat-h110-premium-tin-based-hot-end-coating-for-durable-glass\/","og_site_name":"Gulbrandsen","article_publisher":"https:\/\/www.facebook.com\/Gulbrandsen.inc","article_modified_time":"2026-03-06T05:42:39+00:00","og_image":[{"width":1100,"height":550,"url":"https:\/\/gulbrandsen.com\/wp-content\/uploads\/2025\/09\/g-coat.webp","type":"image\/webp"}],"twitter_card":"summary_large_image","twitter_site":"@gulbrandsen_inc","twitter_misc":{"Est. reading time":"4\u00a0Minuten"},"schema":{"@context":"https:\/\/schema.org","@graph":[{"@type":"WebPage","@id":"https:\/\/gulbrandsen.com\/blog\/g-coat-h110-premium-tin-based-hot-end-coating-for-durable-glass\/","url":"https:\/\/gulbrandsen.com\/blog\/g-coat-h110-premium-tin-based-hot-end-coating-for-durable-glass\/","name":"G-COAT H110: Hochwertige Hei\u00dfendbeschichtung auf Zinnbasis f\u00fcr langlebiges Glas - Gulbrandsen","isPartOf":{"@id":"https:\/\/gulbrandsen.com\/#website"},"datePublished":"2025-08-19T11:53:16+00:00","dateModified":"2026-03-06T05:42:39+00:00","breadcrumb":{"@id":"https:\/\/gulbrandsen.com\/blog\/g-coat-h110-premium-tin-based-hot-end-coating-for-durable-glass\/#breadcrumb"},"inLanguage":"de","potentialAction":[{"@type":"ReadAction","target":["https:\/\/gulbrandsen.com\/blog\/g-coat-h110-premium-tin-based-hot-end-coating-for-durable-glass\/"]}]},{"@type":"BreadcrumbList","@id":"https:\/\/gulbrandsen.com\/blog\/g-coat-h110-premium-tin-based-hot-end-coating-for-durable-glass\/#breadcrumb","itemListElement":[{"@type":"ListItem","position":1,"name":"Home","item":"https:\/\/gulbrandsen.com\/"},{"@type":"ListItem","position":2,"name":"Blog","item":"https:\/\/gulbrandsen.com\/blog\/"},{"@type":"ListItem","position":3,"name":"G-COAT H110: Premium Tin-Based Hot End Coating for Durable Glass"}]},{"@type":"WebSite","@id":"https:\/\/gulbrandsen.com\/#website","url":"https:\/\/gulbrandsen.com\/","name":"Gulbrandsen,","description":"","publisher":{"@id":"https:\/\/gulbrandsen.com\/#organization"},"potentialAction":[{"@type":"SearchAction","target":{"@type":"EntryPoint","urlTemplate":"https:\/\/gulbrandsen.com\/?s={search_term_string}"},"query-input":{"@type":"PropertyValueSpecification","valueRequired":true,"valueName":"search_term_string"}}],"inLanguage":"de"},{"@type":"Organization","@id":"https:\/\/gulbrandsen.com\/#organization","name":"Gulbrandsen,","url":"https:\/\/gulbrandsen.com\/","logo":{"@type":"ImageObject","inLanguage":"de","@id":"https:\/\/gulbrandsen.com\/#\/schema\/logo\/image\/","url":"https:\/\/gulbrandsen.com\/wp-content\/uploads\/2025\/06\/Gulbrandsen-Logo-1.svg","contentUrl":"https:\/\/gulbrandsen.com\/wp-content\/uploads\/2025\/06\/Gulbrandsen-Logo-1.svg","width":200,"height":200,"caption":"Gulbrandsen"},"image":{"@id":"https:\/\/gulbrandsen.com\/#\/schema\/logo\/image\/"},"sameAs":["https:\/\/www.facebook.com\/Gulbrandsen.inc","https:\/\/x.com\/gulbrandsen_inc","https:\/\/www.linkedin.com\/company\/gulbrandsen\/","https:\/\/www.instagram.com\/gulbrandsen_inc\/","https:\/\/www.youtube.com\/@gulbrandsen_inc"]}]}},"_links":{"self":[{"href":"https:\/\/gulbrandsen.com\/de\/wp-json\/wp\/v2\/pages\/1429","targetHints":{"allow":["GET"]}}],"collection":[{"href":"https:\/\/gulbrandsen.com\/de\/wp-json\/wp\/v2\/pages"}],"about":[{"href":"https:\/\/gulbrandsen.com\/de\/wp-json\/wp\/v2\/types\/page"}],"author":[{"embeddable":true,"href":"https:\/\/gulbrandsen.com\/de\/wp-json\/wp\/v2\/users\/8"}],"replies":[{"embeddable":true,"href":"https:\/\/gulbrandsen.com\/de\/wp-json\/wp\/v2\/comments?post=1429"}],"version-history":[{"count":0,"href":"https:\/\/gulbrandsen.com\/de\/wp-json\/wp\/v2\/pages\/1429\/revisions"}],"up":[{"embeddable":true,"href":"https:\/\/gulbrandsen.com\/de\/wp-json\/wp\/v2\/pages\/1191"}],"wp:attachment":[{"href":"https:\/\/gulbrandsen.com\/de\/wp-json\/wp\/v2\/media?parent=1429"}],"curies":[{"name":"wp","href":"https:\/\/api.w.org\/{rel}","templated":true}]}}