{"id":1217,"date":"2025-04-11T08:32:25","date_gmt":"2025-04-11T12:32:25","guid":{"rendered":"https:\/\/gulbrandsen.com\/?page_id=1217"},"modified":"2026-03-05T01:41:39","modified_gmt":"2026-03-05T06:41:39","slug":"gulbrandsen-inaugura-una-nueva-planta-de-alquilos-de-aluminio-en-dahej-india","status":"publish","type":"page","link":"https:\/\/gulbrandsen.com\/es\/news\/gulbrandsen-inaugurates-a-new-aluminum-alkyls-plant-in-dahej-india\/","title":{"rendered":"Gulbrandsen inaugura una nueva planta de alquilos de aluminio en Dahej, India"},"content":{"rendered":"<div id=\"fws_69df04ac857e9\"  data-column-margin=\"default\" data-midnight=\"dark\"  class=\"wpb_row vc_row-fluid vc_row secondary-menu-wrapper no-padding no-margins\"  style=\"padding-top: 0px; padding-bottom: 0px; \"><div class=\"row-bg-wrap\" data-bg-animation=\"none\" data-bg-animation-delay=\"\" data-bg-overlay=\"false\"><div class=\"inner-wrap row-bg-layer\" ><div class=\"row-bg viewport-desktop\"  style=\"\"><\/div><\/div><\/div><div class=\"row_col_wrap_12 col span_12 dark left\">\n\t<div  class=\"vc_col-sm-12 no-animation wpb_column column_container vc_column_container col no-extra-padding inherit_tablet inherit_phone flex_gap_desktop_10px\"  data-padding-pos=\"all\" data-has-bg-color=\"false\" data-bg-color=\"\" data-bg-opacity=\"1\" data-animation=\"\" data-delay=\"0\" >\n\t\t<div class=\"vc_column-inner\" >\n\t\t\t<div class=\"wpb_wrapper\">\n\t\t\t\t\n\t\t<div id=\"fws_69df04ac8675d\"  data-column-margin=\"default\" data-midnight=\"dark\"  class=\"wpb_row vc_row-fluid vc_row secondary-menu no-padding no-margins\"  style=\"padding-top: 0px; padding-bottom: 0px; \"><div class=\"row-bg-wrap\" data-bg-animation=\"none\" data-bg-animation-delay=\"\" data-bg-overlay=\"false\"><div class=\"inner-wrap row-bg-layer\" ><div class=\"row-bg viewport-desktop\"  style=\"\"><\/div><\/div><\/div><div class=\"row_col_wrap_12 col span_12 dark left\">\n\t<div  class=\"vc_col-sm-12 no-animation wpb_column column_container vc_column_container col no-extra-padding inherit_tablet inherit_phone\"  data-padding-pos=\"all\" data-has-bg-color=\"false\" data-bg-color=\"\" data-bg-opacity=\"1\" data-animation=\"\" data-delay=\"0\" >\n\t\t<div class=\"vc_column-inner\" >\n\t\t\t<div class=\"wpb_wrapper\">\n\t\t\t\t<div class=\"page-submenu\" data-bg-color=\"#041d3e\" data-sticky=\"false\" data-alignment=\"center\"><div class=\"full-width-content\" style=\"background-color:#041d3e; color: #ffffff;\"><a href=\"#\" class=\"mobile-menu-link\"><i class=\"salient-page-submenu-icon\"><\/i>Men\u00fa<\/a><ul style=\"background-color:#041d3e; color: #ffffff;\"><li><a  href=\"\/es\/empresa\/sobre\/\">Acerca de<\/a><\/li><li><a  href=\"\/es\/empresa\/credenciales\/\">Credenciales<\/a><\/li><li><a  href=\"\/es\/ultimas-noticias\/\">Noticias<\/a><\/li><li><a  href=\"\/es\/blog\/\">Blog<\/a><\/li><\/ul><\/div><\/div>\n\t\t\t<\/div> \n\t\t<\/div>\n\t<\/div> \n<\/div><\/div>\n\n\t\t\t<\/div> \n\t\t<\/div>\n\t<\/div> \n<\/div><\/div>\n\t\t<div id=\"fws_69df04ac87d6f\"  data-column-margin=\"default\" data-midnight=\"dark\"  class=\"wpb_row vc_row-fluid vc_row full-width-section has-row-bg-color announcement-wrapper md-padding\"  style=\"padding-top: 0px; padding-bottom: 0px; --row-bg-color: #f5f7f9;\"><div class=\"row-bg-wrap\" data-bg-animation=\"none\" data-bg-animation-delay=\"\" data-bg-overlay=\"false\"><div class=\"inner-wrap row-bg-layer\" ><div class=\"row-bg viewport-desktop using-bg-color\"  style=\"background-color: #f5f7f9; \"><\/div><\/div><\/div><div class=\"row_col_wrap_12 col span_12 dark left\">\n\t<div  class=\"vc_col-sm-12 wpb_column column_container vc_column_container col no-extra-padding inherit_tablet inherit_phone flex_gap_desktop_10px\"  data-padding-pos=\"all\" data-has-bg-color=\"false\" data-bg-color=\"\" data-bg-opacity=\"1\" data-animation=\"\" data-delay=\"0\" >\n\t\t<div class=\"vc_column-inner\" >\n\t\t\t<div class=\"wpb_wrapper\">\n\t\t\t\t<div id=\"fws_69df04ac882fa\" data-midnight=\"\" data-column-margin=\"60px\" class=\"wpb_row vc_row-fluid vc_row inner_row vc_row-o-equal-height vc_row-flex vc_row-o-content-top announcement-box\"  style=\"\"><div class=\"row-bg-wrap\"> <div class=\"row-bg\" ><\/div> <\/div><div class=\"row_col_wrap_12_inner col span_12  left\">\n\t<div  class=\"vc_col-sm-7 wpb_column column_container vc_column_container col child_column no-extra-padding inherit_tablet inherit_phone flex_gap_desktop_10px\"   data-padding-pos=\"all\" data-has-bg-color=\"false\" data-bg-color=\"\" data-bg-opacity=\"1\" data-animation=\"\" data-delay=\"0\" >\n\t\t<div class=\"vc_column-inner\" >\n\t\t<div class=\"wpb_wrapper\">\n\t\t\t\n<div class=\"wpb_text_column wpb_content_element\" >\n\t<p><span style=\"font-weight: 400;\"><img loading=\"lazy\" decoding=\"async\" class=\"alignnone size-large wp-image-1185\" title=\"Planta de Gulbrandsen en Dahej\" src=\"https:\/\/gulbrandsen.com\/wp-content\/uploads\/2026\/03\/Press-Release-DHJ.webp\" alt=\"Planta de Gulbrandsen en Dahej\" width=\"1024\" height=\"576\" \/><\/span><\/p>\n<\/div>\n\n\n\n\n<div class=\"wpb_text_column wpb_content_element  vc_custom_1746697470204 title h4-size\" >\n\t<h1><b>COMUNICADO DE PRENSA<\/b><strong>: Gulbrandsen inaugura una nueva planta de alquilos de aluminio en Dahej, India<\/strong><\/h1>\n<\/div>\n\n\n\n\n<div class=\"wpb_text_column wpb_content_element  vc_custom_1744374429305 date\" >\n\t<p>DAHEJ, GUJARAT INDIA - 07 de marzo de 2023<\/p>\n<\/div>\n\n\n\n\n<div class=\"wpb_text_column wpb_content_element\" >\n\t<p class=\"p1\">Gulbrandsen, l\u00edder mundial en especialidades qu\u00edmicas, ha iniciado la producci\u00f3n de trietilaluminio (TEAL) en una nueva planta de fabricaci\u00f3n situada en Dahej, India, para satisfacer la creciente demanda mundial.<\/p>\n<p class=\"p1\">Los alquilos de aluminio se utilizan como co-catalizadores en la fabricaci\u00f3n de poliolefinas, caucho sint\u00e9tico, productos farmac\u00e9uticos y otros productos de qu\u00edmica fina.<\/p>\n<p class=\"p1\">\"Esta inversi\u00f3n respalda el compromiso de Gulbrandsen de satisfacer las crecientes necesidades de nuestros clientes de alquilos de aluminio de alta calidad\", afirma Ron Hatchell, Director Comercial Global de Organometallics.  \"La planta de Dahej tambi\u00e9n desempe\u00f1ar\u00e1 un papel vital en la consecuci\u00f3n de nuestros objetivos estrat\u00e9gicos a largo plazo y reforzar\u00e1 nuestra presencia en un atractivo mercado de alto crecimiento.\"<\/p>\n<h3><strong>Sobre Gulbrandsen:<\/strong><\/h3>\n<p>Gulbrandsen es fabricante de productos qu\u00edmicos industriales intermedios, productos de qu\u00edmica fina y catalizadores utilizados en industrias de procesos. Para m\u00e1s informaci\u00f3n, visite nuestro sitio web <a href=\"https:\/\/gulbrandsen.com\/es\/\">www.gulbrandsen.com<\/a><\/p>\n<\/div>\n\n\n\n\n\t\t<\/div> \n\t<\/div>\n\t<\/div> \n\n\t<div  class=\"vc_col-sm-5 wpb_column column_container vc_column_container col child_column no-extra-padding inherit_tablet inherit_phone flex_gap_desktop_10px\"   data-padding-pos=\"all\" data-has-bg-color=\"false\" data-bg-color=\"\" data-bg-opacity=\"1\" data-animation=\"\" data-delay=\"0\" >\n\t\t<div class=\"vc_column-inner\" >\n\t\t<div class=\"wpb_wrapper\">\n\t\t\t\n\t<div class=\"wpb_raw_code wpb_raw_html wpb_content_element\" >\n\t\t<div class=\"wpb_wrapper\">\n\t\t\t<div class=\"all-small-news\">\n    \n    <div class=\"news-item\">\n        <div class=\"news-item-pic\">\n            <a href=\"#\"><img decoding=\"async\" src=\"https:\/\/gulbrandsen.com\/wp-content\/uploads\/2024\/03\/BF3-Image.png\" alt=\"\"><\/a>\n        <\/div>\n        <div class=\"news-item-title\">\n            <a href=\"https:\/\/gulbrandsen.com\/es\/gulbrandsen-reconocido-por-chevron-phillips-chemical-company-como-proveedor-de-confianza-de-trifluoruro-de-boro-bf3\/\" target=\"_blank\"><h6>Gulbrandsen reconocido por Chevron Phillips Chemical Company como proveedor de confianza de trifluoruro de boro (BF3).<\/h6><\/a>\n            <p>LA PORTE, TX EE.UU. - 04 de marzo de 2024<\/p>\n        <\/div>\n    <\/div>\n\n            <div class=\"news-item\">\n            <div class=\"news-item-pic\">\n                <a href=\"\"><img decoding=\"async\" src=\"https:\/\/gulbrandsen.com\/wp-content\/uploads\/2025\/04\/Dahej-PE-Wax-Press-Release-1536x864-1.png\" alt=\"\"><\/a>\n            <\/div>\n            <div class=\"news-item-title\">\n                <a href=\"https:\/\/gulbrandsen.com\/es\/empresa\/noticias\/gulbrandsen-aumentara-la-capacidad-de-cera-de-polietileno-y-construira-una-nueva-instalacion-de-polimeros-funcionales-en-dahej-india\/\" target=\"_blank\"><h6>Gulbrandsen aumentar\u00e1 su capacidad de producci\u00f3n de ceras de polietileno y construir\u00e1 una nueva planta de pol\u00edmeros funcionales en Dahej (India).<\/h6><\/a>\n                <p>DAHEJ, GUJARAT INDIA - 24 de marzo de 2025<\/p>\n            <\/div>\n        <\/div>\n\n    <div class=\"news-item\">\n        <div class=\"news-item-pic\">\n            <a href=\"#\"><img decoding=\"async\" src=\"https:\/\/gulbrandsen.com\/wp-content\/uploads\/2023\/11\/Ecovadis-01.png\" alt=\"\"><\/a>\n        <\/div>\n        <div class=\"news-item-title\">\n            <a href=\"https:\/\/gulbrandsen.com\/es\/gulbrandsen-recibe-medalla-de-plata-de-ecovadis-por-su-desempeno-en-sostenibilidad\/\" target=\"_blank\"><h6>Gulbrandsen recibe la medalla de plata de Ecovadis por sus resultados en materia de sostenibilidad.<\/h6><\/a>\n            <p>ORANGEBURG, SC EE.UU. - 28 de noviembre de 2023<\/p>\n        <\/div>\n    <\/div>\n\n    <div class=\"news-item\">\n        <div class=\"news-item-pic\">\n            <a href=\"#\"><img decoding=\"async\" src=\"https:\/\/gulbrandsen.com\/wp-content\/uploads\/2023\/08\/SO-SND-Announcement.png\" alt=\"\"><\/a>\n        <\/div>\n        <div class=\"news-item-title\">\n            <a href=\"https:\/\/gulbrandsen.com\/es\/gulbrandsen-inaugura-su-nueva-planta-de-produccion-de-catalizadores-de-estano-en-su-sitio-de-dahej-india\/\" target=\"_blank\"><h6>Gulbrandsen pone en marcha su nueva planta de producci\u00f3n de catalizadores de esta\u00f1o en sus instalaciones de Dahej (India).<\/h6><\/a>\n            <p>DAHEJ, GUJARAT INDIA - 14 de agosto de 2023<\/p>\n        <\/div>\n    <\/div>\n\n    <div class=\"news-item\">\n        <div class=\"news-item-pic\">\n            <a href=\"#\"><img decoding=\"async\" src=\"https:\/\/gulbrandsen.com\/wp-content\/uploads\/2022\/12\/GUL-DHJ-Image-3-1536x724.jpg\" alt=\"\"><\/a>\n        <\/div>\n        <div class=\"news-item-title\">\n            <a href=\"https:\/\/gulbrandsen.com\/es\/gulbrandsen-set-to-double-its-capacity-for-polyurethane-tin-catalysts\/\" target=\"_blank\"><h6>Gulbrandsen duplicar\u00e1 su capacidad de catalizadores de poliuretano y esta\u00f1o<\/h6><\/a>\n            <p>DAHEJ, GUJARAT INDIA Diciembre 07, 2022<\/p>\n        <\/div>\n    <\/div>\n\n    <div class=\"news-item\">\n        <div class=\"news-item-pic\">\n            <a href=\"#\"><img decoding=\"async\" src=\"https:\/\/gulbrandsen.com\/wp-content\/uploads\/2025\/04\/PE-Wax-Logos-01-1.png\" alt=\"\"><\/a>\n        <\/div>\n        <div class=\"news-item-title\">\n            <a href=\"https:\/\/gulbrandsen.com\/es\/acculin-y-acculinol-son-ahora-una-parte-integral-de-la-cartera-de-polimeros-de-especialidad-de-gulbrandsen\/\" target=\"_blank\"><h6>ACCULIN\u00ae y ACCULINOL\u00ae son ahora parte integrante de la cartera de pol\u00edmeros especiales de Gulbrandsen<\/h6><\/a>\n            <p>ORANGEBURG, SC EE.UU. - 22 de abril de 2022<\/p>\n        <\/div>\n    <\/div>\n\n    <div class=\"news-item\">\n        <div class=\"news-item-pic\">\n            <a href=\"#\"><img decoding=\"async\" src=\"https:\/\/gulbrandsen.com\/wp-content\/uploads\/2025\/04\/gulbrandsen-default.jpg\" alt=\"\"><\/a>\n        <\/div>\n        <div class=\"news-item-title\">\n            <a href=\"https:\/\/gulbrandsen.com\/es\/gulbrandsen-chemicals-is-now-gulbrandsen-announces-official-launch-of-new-brand-tagline\/\" target=\"_blank\"><h6>Gulbrandsen Chemicals es ahora Gulbrandsen; anuncia el lanzamiento oficial del nuevo lema de la marca<\/h6><\/a>\n            <p>ORANGEBURG, SC EE.UU. - 3 de enero de 2022<\/p>\n        <\/div>\n    <\/div>\n\n    <div class=\"news-item\">\n        <div class=\"news-item-pic\">\n            <a href=\"#\"><img decoding=\"async\" src=\"https:\/\/gulbrandsen.com\/wp-content\/uploads\/2025\/04\/gulbrandsen-default.jpg\" alt=\"\"><\/a>\n        <\/div>\n        <div class=\"news-item-title\">\n            <a href=\"https:\/\/gulbrandsen.com\/es\/gulbrandsen-launches-updated-website\/\" target=\"_blank\"><h6>Gulbrandsen lanza un sitio web actualizado<\/h6><\/a>\n            <p>ORANGEBURG, SC EE.UU. - 3 de enero de 2022<\/p>\n        <\/div>\n    <\/div>\n    \n<\/div>\n\t\t<\/div>\n\t<\/div>\n\n\t\t<\/div> \n\t<\/div>\n\t<\/div> \n<\/div><\/div>\n\t\t\t<\/div> \n\t\t<\/div>\n\t<\/div> \n<\/div><\/div>","protected":false},"excerpt":{"rendered":"MenuAboutCredentialsNewsBlog PRESS RELEASE: Gulbrandsen inaugurates a new aluminum alkyls plant in Dahej, India DAHEJ, GUJARAT INDIA \u2014 March 07, 2023 Gulbrandsen, a global specialty chemicals leader, has started production of...","protected":false},"author":8,"featured_media":0,"parent":61,"menu_order":0,"comment_status":"closed","ping_status":"closed","template":"","meta":{"_acf_changed":false,"footnotes":""},"class_list":["post-1217","page","type-page","status-publish"],"acf":[],"yoast_head":"<!-- This site is optimized with the Yoast SEO plugin v27.0 - https:\/\/yoast.com\/product\/yoast-seo-wordpress\/ -->\n<title>Gulbrandsen inaugurates a new aluminum alkyls plant in Dahej, India - Gulbrandsen<\/title>\n<meta name=\"robots\" content=\"index, follow, max-snippet:-1, max-image-preview:large, max-video-preview:-1\" \/>\n<link rel=\"canonical\" href=\"https:\/\/gulbrandsen.com\/es\/noticias\/gulbrandsen-inaugura-una-nueva-planta-de-alquilos-de-aluminio-en-dahej-india\/\" \/>\n<meta property=\"og:locale\" content=\"es_ES\" \/>\n<meta property=\"og:type\" content=\"article\" \/>\n<meta property=\"og:title\" content=\"Gulbrandsen inaugurates a new aluminum alkyls plant in Dahej, India - Gulbrandsen\" \/>\n<meta property=\"og:url\" content=\"https:\/\/gulbrandsen.com\/es\/noticias\/gulbrandsen-inaugura-una-nueva-planta-de-alquilos-de-aluminio-en-dahej-india\/\" \/>\n<meta property=\"og:site_name\" content=\"Gulbrandsen\" \/>\n<meta property=\"article:publisher\" content=\"https:\/\/www.facebook.com\/Gulbrandsen.inc\" \/>\n<meta property=\"article:modified_time\" content=\"2026-03-05T06:41:39+00:00\" \/>\n<meta property=\"og:image\" content=\"https:\/\/gulbrandsen.com\/wp-content\/uploads\/2025\/03\/Dahej-PE-Wax-Press-Release-1024x576.png\" \/>\n\t<meta property=\"og:image:width\" content=\"1024\" \/>\n\t<meta property=\"og:image:height\" content=\"576\" \/>\n\t<meta property=\"og:image:type\" content=\"image\/png\" \/>\n<meta name=\"twitter:card\" content=\"summary_large_image\" \/>\n<meta name=\"twitter:site\" content=\"@gulbrandsen_inc\" \/>\n<meta name=\"twitter:label1\" content=\"Est. reading time\" \/>\n\t<meta name=\"twitter:data1\" content=\"2 minutos\" \/>\n<script type=\"application\/ld+json\" class=\"yoast-schema-graph\">{\"@context\":\"https:\/\/schema.org\",\"@graph\":[{\"@type\":\"WebPage\",\"@id\":\"https:\/\/gulbrandsen.com\/news\/gulbrandsen-inaugurates-a-new-aluminum-alkyls-plant-in-dahej-india\/\",\"url\":\"https:\/\/gulbrandsen.com\/news\/gulbrandsen-inaugurates-a-new-aluminum-alkyls-plant-in-dahej-india\/\",\"name\":\"Gulbrandsen inaugurates a new aluminum alkyls plant in Dahej, India - Gulbrandsen\",\"isPartOf\":{\"@id\":\"https:\/\/gulbrandsen.com\/#website\"},\"primaryImageOfPage\":{\"@id\":\"https:\/\/gulbrandsen.com\/news\/gulbrandsen-inaugurates-a-new-aluminum-alkyls-plant-in-dahej-india\/#primaryimage\"},\"image\":{\"@id\":\"https:\/\/gulbrandsen.com\/news\/gulbrandsen-inaugurates-a-new-aluminum-alkyls-plant-in-dahej-india\/#primaryimage\"},\"thumbnailUrl\":\"https:\/\/gulbrandsen.com\/wp-content\/uploads\/2026\/03\/Press-Release-DHJ.webp\",\"datePublished\":\"2025-04-11T12:32:25+00:00\",\"dateModified\":\"2026-03-05T06:41:39+00:00\",\"breadcrumb\":{\"@id\":\"https:\/\/gulbrandsen.com\/news\/gulbrandsen-inaugurates-a-new-aluminum-alkyls-plant-in-dahej-india\/#breadcrumb\"},\"inLanguage\":\"es\",\"potentialAction\":[{\"@type\":\"ReadAction\",\"target\":[\"https:\/\/gulbrandsen.com\/news\/gulbrandsen-inaugurates-a-new-aluminum-alkyls-plant-in-dahej-india\/\"]}]},{\"@type\":\"ImageObject\",\"inLanguage\":\"es\",\"@id\":\"https:\/\/gulbrandsen.com\/news\/gulbrandsen-inaugurates-a-new-aluminum-alkyls-plant-in-dahej-india\/#primaryimage\",\"url\":\"https:\/\/gulbrandsen.com\/wp-content\/uploads\/2026\/03\/Press-Release-DHJ.webp\",\"contentUrl\":\"https:\/\/gulbrandsen.com\/wp-content\/uploads\/2026\/03\/Press-Release-DHJ.webp\"},{\"@type\":\"BreadcrumbList\",\"@id\":\"https:\/\/gulbrandsen.com\/news\/gulbrandsen-inaugurates-a-new-aluminum-alkyls-plant-in-dahej-india\/#breadcrumb\",\"itemListElement\":[{\"@type\":\"ListItem\",\"position\":1,\"name\":\"Home\",\"item\":\"https:\/\/gulbrandsen.com\/\"},{\"@type\":\"ListItem\",\"position\":2,\"name\":\"News\",\"item\":\"https:\/\/gulbrandsen.com\/news\/\"},{\"@type\":\"ListItem\",\"position\":3,\"name\":\"Gulbrandsen inaugurates a new aluminum alkyls plant in Dahej, India\"}]},{\"@type\":\"WebSite\",\"@id\":\"https:\/\/gulbrandsen.com\/#website\",\"url\":\"https:\/\/gulbrandsen.com\/\",\"name\":\"Gulbrandsen\",\"description\":\"\",\"publisher\":{\"@id\":\"https:\/\/gulbrandsen.com\/#organization\"},\"potentialAction\":[{\"@type\":\"SearchAction\",\"target\":{\"@type\":\"EntryPoint\",\"urlTemplate\":\"https:\/\/gulbrandsen.com\/?s={search_term_string}\"},\"query-input\":{\"@type\":\"PropertyValueSpecification\",\"valueRequired\":true,\"valueName\":\"search_term_string\"}}],\"inLanguage\":\"es\"},{\"@type\":\"Organization\",\"@id\":\"https:\/\/gulbrandsen.com\/#organization\",\"name\":\"Gulbrandsen\",\"url\":\"https:\/\/gulbrandsen.com\/\",\"logo\":{\"@type\":\"ImageObject\",\"inLanguage\":\"es\",\"@id\":\"https:\/\/gulbrandsen.com\/#\/schema\/logo\/image\/\",\"url\":\"https:\/\/gulbrandsen.com\/wp-content\/uploads\/2025\/06\/Gulbrandsen-Logo-1.svg\",\"contentUrl\":\"https:\/\/gulbrandsen.com\/wp-content\/uploads\/2025\/06\/Gulbrandsen-Logo-1.svg\",\"width\":200,\"height\":200,\"caption\":\"Gulbrandsen\"},\"image\":{\"@id\":\"https:\/\/gulbrandsen.com\/#\/schema\/logo\/image\/\"},\"sameAs\":[\"https:\/\/www.facebook.com\/Gulbrandsen.inc\",\"https:\/\/x.com\/gulbrandsen_inc\",\"https:\/\/www.linkedin.com\/company\/gulbrandsen\/\",\"https:\/\/www.instagram.com\/gulbrandsen_inc\/\",\"https:\/\/www.youtube.com\/@gulbrandsen_inc\"]}]}<\/script>\n<!-- \/ Yoast SEO plugin. -->","yoast_head_json":{"title":"Gulbrandsen inaugura una nueva planta de alquilaluminio en Dahej, India - Gulbrandsen","robots":{"index":"index","follow":"follow","max-snippet":"max-snippet:-1","max-image-preview":"max-image-preview:large","max-video-preview":"max-video-preview:-1"},"canonical":"https:\/\/gulbrandsen.com\/es\/noticias\/gulbrandsen-inaugura-una-nueva-planta-de-alquilos-de-aluminio-en-dahej-india\/","og_locale":"es_ES","og_type":"article","og_title":"Gulbrandsen inaugurates a new aluminum alkyls plant in Dahej, India - Gulbrandsen","og_url":"https:\/\/gulbrandsen.com\/es\/noticias\/gulbrandsen-inaugura-una-nueva-planta-de-alquilos-de-aluminio-en-dahej-india\/","og_site_name":"Gulbrandsen","article_publisher":"https:\/\/www.facebook.com\/Gulbrandsen.inc","article_modified_time":"2026-03-05T06:41:39+00:00","og_image":[{"width":1024,"height":576,"url":"https:\/\/gulbrandsen.com\/wp-content\/uploads\/2025\/03\/Dahej-PE-Wax-Press-Release-1024x576.png","type":"image\/png"}],"twitter_card":"summary_large_image","twitter_site":"@gulbrandsen_inc","twitter_misc":{"Est. reading time":"2 minutos"},"schema":{"@context":"https:\/\/schema.org","@graph":[{"@type":"WebPage","@id":"https:\/\/gulbrandsen.com\/news\/gulbrandsen-inaugurates-a-new-aluminum-alkyls-plant-in-dahej-india\/","url":"https:\/\/gulbrandsen.com\/news\/gulbrandsen-inaugurates-a-new-aluminum-alkyls-plant-in-dahej-india\/","name":"Gulbrandsen inaugura una nueva planta de alquilaluminio en Dahej, India - Gulbrandsen","isPartOf":{"@id":"https:\/\/gulbrandsen.com\/#website"},"primaryImageOfPage":{"@id":"https:\/\/gulbrandsen.com\/news\/gulbrandsen-inaugurates-a-new-aluminum-alkyls-plant-in-dahej-india\/#primaryimage"},"image":{"@id":"https:\/\/gulbrandsen.com\/news\/gulbrandsen-inaugurates-a-new-aluminum-alkyls-plant-in-dahej-india\/#primaryimage"},"thumbnailUrl":"https:\/\/gulbrandsen.com\/wp-content\/uploads\/2026\/03\/Press-Release-DHJ.webp","datePublished":"2025-04-11T12:32:25+00:00","dateModified":"2026-03-05T06:41:39+00:00","breadcrumb":{"@id":"https:\/\/gulbrandsen.com\/news\/gulbrandsen-inaugurates-a-new-aluminum-alkyls-plant-in-dahej-india\/#breadcrumb"},"inLanguage":"es","potentialAction":[{"@type":"ReadAction","target":["https:\/\/gulbrandsen.com\/news\/gulbrandsen-inaugurates-a-new-aluminum-alkyls-plant-in-dahej-india\/"]}]},{"@type":"ImageObject","inLanguage":"es","@id":"https:\/\/gulbrandsen.com\/news\/gulbrandsen-inaugurates-a-new-aluminum-alkyls-plant-in-dahej-india\/#primaryimage","url":"https:\/\/gulbrandsen.com\/wp-content\/uploads\/2026\/03\/Press-Release-DHJ.webp","contentUrl":"https:\/\/gulbrandsen.com\/wp-content\/uploads\/2026\/03\/Press-Release-DHJ.webp"},{"@type":"BreadcrumbList","@id":"https:\/\/gulbrandsen.com\/news\/gulbrandsen-inaugurates-a-new-aluminum-alkyls-plant-in-dahej-india\/#breadcrumb","itemListElement":[{"@type":"ListItem","position":1,"name":"Home","item":"https:\/\/gulbrandsen.com\/"},{"@type":"ListItem","position":2,"name":"News","item":"https:\/\/gulbrandsen.com\/news\/"},{"@type":"ListItem","position":3,"name":"Gulbrandsen inaugurates a new aluminum alkyls plant in Dahej, India"}]},{"@type":"WebSite","@id":"https:\/\/gulbrandsen.com\/#website","url":"https:\/\/gulbrandsen.com\/","name":"Gulbrandsen","description":"","publisher":{"@id":"https:\/\/gulbrandsen.com\/#organization"},"potentialAction":[{"@type":"SearchAction","target":{"@type":"EntryPoint","urlTemplate":"https:\/\/gulbrandsen.com\/?s={search_term_string}"},"query-input":{"@type":"PropertyValueSpecification","valueRequired":true,"valueName":"search_term_string"}}],"inLanguage":"es"},{"@type":"Organization","@id":"https:\/\/gulbrandsen.com\/#organization","name":"Gulbrandsen","url":"https:\/\/gulbrandsen.com\/","logo":{"@type":"ImageObject","inLanguage":"es","@id":"https:\/\/gulbrandsen.com\/#\/schema\/logo\/image\/","url":"https:\/\/gulbrandsen.com\/wp-content\/uploads\/2025\/06\/Gulbrandsen-Logo-1.svg","contentUrl":"https:\/\/gulbrandsen.com\/wp-content\/uploads\/2025\/06\/Gulbrandsen-Logo-1.svg","width":200,"height":200,"caption":"Gulbrandsen"},"image":{"@id":"https:\/\/gulbrandsen.com\/#\/schema\/logo\/image\/"},"sameAs":["https:\/\/www.facebook.com\/Gulbrandsen.inc","https:\/\/x.com\/gulbrandsen_inc","https:\/\/www.linkedin.com\/company\/gulbrandsen\/","https:\/\/www.instagram.com\/gulbrandsen_inc\/","https:\/\/www.youtube.com\/@gulbrandsen_inc"]}]}},"_links":{"self":[{"href":"https:\/\/gulbrandsen.com\/es\/wp-json\/wp\/v2\/pages\/1217","targetHints":{"allow":["GET"]}}],"collection":[{"href":"https:\/\/gulbrandsen.com\/es\/wp-json\/wp\/v2\/pages"}],"about":[{"href":"https:\/\/gulbrandsen.com\/es\/wp-json\/wp\/v2\/types\/page"}],"author":[{"embeddable":true,"href":"https:\/\/gulbrandsen.com\/es\/wp-json\/wp\/v2\/users\/8"}],"replies":[{"embeddable":true,"href":"https:\/\/gulbrandsen.com\/es\/wp-json\/wp\/v2\/comments?post=1217"}],"version-history":[{"count":0,"href":"https:\/\/gulbrandsen.com\/es\/wp-json\/wp\/v2\/pages\/1217\/revisions"}],"up":[{"embeddable":true,"href":"https:\/\/gulbrandsen.com\/es\/wp-json\/wp\/v2\/pages\/61"}],"wp:attachment":[{"href":"https:\/\/gulbrandsen.com\/es\/wp-json\/wp\/v2\/media?parent=1217"}],"curies":[{"name":"wp","href":"https:\/\/api.w.org\/{rel}","templated":true}]}}